{"id":6109,"date":"2023-07-18T14:01:56","date_gmt":"2023-07-18T12:01:56","guid":{"rendered":"http:\/\/nowa.sgklima.pl\/?page_id=6109"},"modified":"2025-07-01T13:17:22","modified_gmt":"2025-07-01T11:17:22","slug":"praca","status":"publish","type":"page","link":"https:\/\/sgklima.pl\/cs\/praca\/","title":{"rendered":"Praca"},"content":{"rendered":"<p><section data-bb-version=\"5.4.0\" id=\"bt_bb_section69f9f9291007f\" class=\"bt_bb_section bt_bb_layout_boxed_1600 bt_bb_vertical_align_top bt_bb_top_spacing_none bt_bb_bottom_spacing_none bt_bb_animation_fade_in move_up animate\"  data-bt-override-class=\"{&quot;bt_bb_top_spacing_&quot;:{&quot;current_class&quot;:&quot;bt_bb_top_spacing_none&quot;,&quot;def&quot;:&quot;none&quot;},&quot;bt_bb_bottom_spacing_&quot;:{&quot;current_class&quot;:&quot;bt_bb_bottom_spacing_none&quot;,&quot;def&quot;:&quot;none&quot;},&quot;bt_bb_animation_&quot;:{&quot;current_class&quot;:&quot;bt_bb_animation_fade_in move_up animate&quot;,&quot;def&quot;:&quot;fade_in move_up animate&quot;}}\"><div class=\"bt_bb_port\"><div class=\"bt_bb_cell\"><div class=\"bt_bb_cell_inner\"><div data-bb-version=\"4.5.9\" class=\"bt_bb_row\"  data-bt-override-class=\"{}\"><div class=\"bt_bb_row_holder\" ><div data-bb-version=\"5.4.0\"  class=\"bt_bb_column col-xxl-12 col-xl-12 col-xs-12 col-sm-12 col-md-12 col-lg-12 bt_bb_vertical_align_middle bt_bb_align_left bt_bb_padding_normal\" style=\"; --column-width:12;\" data-width=\"12\" data-bt-override-class=\"{&quot;bt_bb_align_&quot;:{&quot;current_class&quot;:&quot;bt_bb_align_left&quot;,&quot;def&quot;:&quot;left&quot;},&quot;bt_bb_padding_&quot;:{&quot;current_class&quot;:&quot;bt_bb_padding_normal&quot;,&quot;def&quot;:&quot;normal&quot;},&quot;bt_bb_animation_&quot;:{&quot;current_class&quot;:&quot;bt_bb_animation_no_animation&quot;,&quot;def&quot;:&quot;no_animation&quot;}}\"><div class=\"bt_bb_column_content\"><div class=\"bt_bb_column_content_inner\"><div data-bb-version=\"4.5.9\" class=\"bt_bb_separator bt_bb_border_style_none bt_bb_top_spacing_20 bt_bb_bottom_spacing_none\" data-bt-override-class=\"{&quot;bt_bb_top_spacing_&quot;:{&quot;current_class&quot;:&quot;bt_bb_top_spacing_20&quot;,&quot;def&quot;:&quot;20&quot;},&quot;bt_bb_bottom_spacing_&quot;:{&quot;current_class&quot;:&quot;bt_bb_bottom_spacing_none&quot;,&quot;def&quot;:&quot;none&quot;}}\"><\/div><header data-bb-version=\"5.4.0\" class=\"bt_bb_headline bt_bb_dash_none bt_bb_size_medium bt_bb_align_center\" style=\";font-family:&#039;Montserrat&#039;;color:rgb(0,0,0);border-color:rgb(0,0,0);\" data-bt-override-class=\"{&quot;bt_bb_size_&quot;:{&quot;current_class&quot;:&quot;bt_bb_size_medium&quot;,&quot;def&quot;:&quot;medium&quot;},&quot;bt_bb_align_&quot;:{&quot;current_class&quot;:&quot;bt_bb_align_center&quot;,&quot;def&quot;:&quot;center&quot;}}\"><h1 style=\";font-family:'Montserrat' ;font-size:50px\"><span class=\"bt_bb_headline_content\"><span >Szukasz pracy?<\/span><\/span><\/h1><\/header><header data-bb-version=\"5.4.0\" class=\"bt_bb_headline bt_bb_font_weight_normal bt_bb_dash_none bt_bb_size_normal bt_bb_align_center\" style=\";font-family:&#039;Montserrat&#039;;color:rgb(21,93,141);border-color:rgb(21,93,141);\" data-bt-override-class=\"{&quot;bt_bb_size_&quot;:{&quot;current_class&quot;:&quot;bt_bb_size_normal&quot;,&quot;def&quot;:&quot;normal&quot;},&quot;bt_bb_align_&quot;:{&quot;current_class&quot;:&quot;bt_bb_align_center&quot;,&quot;def&quot;:&quot;center&quot;}}\"><h1 style=\";font-family:'Montserrat' ;font-size:50px\"><span class=\"bt_bb_headline_content\"><span ><a href=\"mailto:%20biuro@sgklima.pl\" target=\"_blank\" title=\"Wy\u015blij CV na adres biuro@sgklima.pl\">Wy\u015blij CV na adres biuro@sgklima.pl<\/a><\/span><\/span><\/h1><\/header><div data-bb-version=\"5.4.0\" class=\"bt_bb_separator bt_bb_border_style_none bt_bb_top_spacing_30 bt_bb_bottom_spacing_none\" data-bt-override-class=\"{&quot;bt_bb_top_spacing_&quot;:{&quot;current_class&quot;:&quot;bt_bb_top_spacing_30&quot;,&quot;def&quot;:&quot;30&quot;},&quot;bt_bb_bottom_spacing_&quot;:{&quot;current_class&quot;:&quot;bt_bb_bottom_spacing_none&quot;,&quot;def&quot;:&quot;none&quot;}}\"><\/div><\/div><\/div><\/div><\/div><\/div><div data-bb-version=\"4.5.9\" class=\"bt_bb_row\"  data-bt-override-class=\"{}\"><div class=\"bt_bb_row_holder\" ><div data-bb-version=\"5.4.0\"  class=\"bt_bb_column col-xxl-12 col-xl-12 col-xs-12 col-sm-12 col-md-12 col-lg-12 bt_bb_vertical_align_top bt_bb_align_left bt_bb_padding_normal\" style=\"; --column-width:12;\" data-width=\"12\" data-bt-override-class=\"{&quot;bt_bb_align_&quot;:{&quot;current_class&quot;:&quot;bt_bb_align_left&quot;,&quot;def&quot;:&quot;left&quot;},&quot;bt_bb_padding_&quot;:{&quot;current_class&quot;:&quot;bt_bb_padding_normal&quot;,&quot;def&quot;:&quot;normal&quot;},&quot;bt_bb_animation_&quot;:{&quot;current_class&quot;:&quot;bt_bb_animation_no_animation&quot;,&quot;def&quot;:&quot;no_animation&quot;}}\"><div class=\"bt_bb_column_content\" style=\"background-color:rgb(21,93,141);\"><div class=\"bt_bb_column_content_inner\"><div data-bb-version=\"5.4.0\" class=\"bt_bb_separator bt_bb_border_style_none bt_bb_top_spacing_10 bt_bb_bottom_spacing_none\" data-bt-override-class=\"{&quot;bt_bb_top_spacing_&quot;:{&quot;current_class&quot;:&quot;bt_bb_top_spacing_10&quot;,&quot;def&quot;:&quot;10&quot;},&quot;bt_bb_bottom_spacing_&quot;:{&quot;current_class&quot;:&quot;bt_bb_bottom_spacing_none&quot;,&quot;def&quot;:&quot;none&quot;}}\"><\/div><header data-bb-version=\"5.4.0\" class=\"bt_bb_headline bt_bb_dash_none bt_bb_size_large bt_bb_align_center\" style=\";color:rgb(255,255,255);border-color:rgb(255,255,255);\" data-bt-override-class=\"{&quot;bt_bb_size_&quot;:{&quot;current_class&quot;:&quot;bt_bb_size_large&quot;,&quot;def&quot;:&quot;large&quot;},&quot;bt_bb_align_&quot;:{&quot;current_class&quot;:&quot;bt_bb_align_center&quot;,&quot;def&quot;:&quot;center&quot;}}\"><h1><span class=\"bt_bb_headline_content\"><span >Poszukujemy:<\/span><\/span><\/h1><\/header><div data-bb-version=\"5.4.0\" class=\"bt_bb_separator bt_bb_border_style_none bt_bb_top_spacing_10 bt_bb_bottom_spacing_none\" data-bt-override-class=\"{&quot;bt_bb_top_spacing_&quot;:{&quot;current_class&quot;:&quot;bt_bb_top_spacing_10&quot;,&quot;def&quot;:&quot;10&quot;},&quot;bt_bb_bottom_spacing_&quot;:{&quot;current_class&quot;:&quot;bt_bb_bottom_spacing_none&quot;,&quot;def&quot;:&quot;none&quot;}}\"><\/div><\/div><\/div><\/div><\/div><\/div><div data-bb-version=\"5.4.0\" class=\"bt_bb_row\"  data-bt-override-class=\"{}\"><div class=\"bt_bb_row_holder\" ><div data-bb-version=\"5.4.0\"  class=\"bt_bb_column col-xxl-12 col-xl-12 col-xs-12 col-sm-12 col-md-12 col-lg-12 bt_bb_vertical_align_top bt_bb_align_left bt_bb_padding_normal\" style=\"; --column-width:12;\" data-width=\"12\" data-bt-override-class=\"{}\"><div class=\"bt_bb_column_content\"><div class=\"bt_bb_column_content_inner\"><div data-bb-version=\"5.4.0\" class=\"bt_bb_separator bt_bb_border_style_none bt_bb_top_spacing_25 bt_bb_bottom_spacing_none\" data-bt-override-class=\"{&quot;bt_bb_top_spacing_&quot;:{&quot;current_class&quot;:&quot;bt_bb_top_spacing_25&quot;,&quot;def&quot;:&quot;25&quot;},&quot;bt_bb_bottom_spacing_&quot;:{&quot;current_class&quot;:&quot;bt_bb_bottom_spacing_none&quot;,&quot;def&quot;:&quot;none&quot;}}\"><\/div><\/div><\/div><\/div><\/div><\/div><div class=\"bt_bb_row\"  data-bt-override-class=\"{}\"><div class=\"bt_bb_row_holder\" ><div data-bb-version=\"5.4.0\"  class=\"bt_bb_column col-xxl-3 col-xl-3 col-xs-12 col-sm-12 col-md-12 col-lg-3 bt_bb_vertical_align_top bt_bb_align_center bt_bb_padding_normal\" style=\"; --column-width:3;\" data-width=\"3\" data-bt-override-class=\"{&quot;bt_bb_align_&quot;:{&quot;current_class&quot;:&quot;bt_bb_align_center&quot;,&quot;def&quot;:&quot;center&quot;},&quot;bt_bb_padding_&quot;:{&quot;current_class&quot;:&quot;bt_bb_padding_normal&quot;,&quot;def&quot;:&quot;normal&quot;},&quot;bt_bb_animation_&quot;:{&quot;current_class&quot;:&quot;bt_bb_animation_no_animation&quot;,&quot;def&quot;:&quot;no_animation&quot;}}\"><div class=\"bt_bb_column_content\"><div class=\"bt_bb_column_content_inner\"><\/div><\/div><\/div><div data-bb-version=\"5.4.0\"  class=\"bt_bb_column col-xxl-6 col-xl-6 col-xs-12 col-sm-12 col-md-12 col-lg-6 bt_bb_vertical_align_top bt_bb_align_center bt_bb_padding_normal\" style=\"; --column-width:6;\" data-width=\"6\" data-bt-override-class=\"{&quot;bt_bb_align_&quot;:{&quot;current_class&quot;:&quot;bt_bb_align_center&quot;,&quot;def&quot;:&quot;center&quot;},&quot;bt_bb_padding_&quot;:{&quot;current_class&quot;:&quot;bt_bb_padding_normal&quot;,&quot;def&quot;:&quot;normal&quot;},&quot;bt_bb_animation_&quot;:{&quot;current_class&quot;:&quot;bt_bb_animation_no_animation&quot;,&quot;def&quot;:&quot;no_animation&quot;}}\"><div class=\"bt_bb_column_content\"><div class=\"bt_bb_column_content_inner\"><div data-bb-version=\"5.4.0\" class=\"bt_bb_tabs bt_bb_color_scheme_4 bt_bb_style_filled bt_bb_shape_square\" style=\"; --tabs-primary-color:#155d8d; --tabs-secondary-color:#ffffff;\" data-bt-override-class=\"{&quot;bt_bb_animation_&quot;:{&quot;current_class&quot;:&quot;bt_bb_animation_no_animation&quot;,&quot;def&quot;:&quot;no_animation&quot;}}\"><ul class=\"bt_bb_tabs_header\"><li><span>Monter wentylacji i klimatyzacji<\/span><\/li><li><span>Kierownik\/koordynator rob\u00f3t<\/span><\/li><\/ul><div class=\"bt_bb_tabs_tabs\"><div class=\"bt_bb_tab_item\">\r\n\t\t\t<div class=\"bt_bb_tab_content\"><div class=\"bt_bb_icon bt_bb_color_scheme_3 bt_bb_style_borderless bt_bb_size_xlarge bt_bb_shape_circle bt_bb_target_self bt_bb_text_empty bt_bb_align_center\" style=\"; --primary-color:#155d8d; --secondary-color:#252525;\" data-bt-override-class=\"{&quot;bt_bb_size_&quot;:{&quot;current_class&quot;:&quot;bt_bb_size_xlarge&quot;,&quot;def&quot;:&quot;xlarge&quot;},&quot;bt_bb_align_&quot;:{&quot;current_class&quot;:&quot;bt_bb_align_center&quot;,&quot;def&quot;:&quot;center&quot;},&quot;bt_bb_animation_&quot;:{&quot;current_class&quot;:&quot;bt_bb_animation_no_animation&quot;,&quot;def&quot;:&quot;no_animation&quot;}}\"><span  data-ico-engineering=\"&#xf102;\" class=\"bt_bb_icon_holder\"><\/span><\/div><div  class=\"bt_bb_text\" ><\/p>\n<h6 style=\"text-align: center;\"><strong>Kierownik\/koordynator rob\u00f3t<\/strong><\/h6>\n<h6 style=\"text-align: center;\">Obowi\u0105zki kierownika\/koordynatora to:<\/h6>\n<h6 style=\"text-align: center;\"><strong>\u25b8 <\/strong>nadz\u00f3r i koordynacja wszystkich dzia\u0142a\u0144 zwi\u0105zanych z realizacj\u0105 projektu budowlanego,<\/h6>\n<h6 style=\"text-align: center;\"><strong>\u25b8 <\/strong>zapewnienie, \u017ce prace przebiegaj\u0105 zgodnie z planem, s\u0105 wykonywane zgodnie z obowi\u0105zuj\u0105cymi normami i standardami, a tak\u017ce terminowo i zgodnie z okre\u015blonym bud\u017cetem,<\/h6>\n<h6 style=\"text-align: center;\"><strong>\u25b8 <\/strong>skutecznie zarz\u0105dzanie zespo\u0142em pracownik\u00f3w, dbaj\u0105c o ich odpowiednie przyporz\u0105dkowanie do zada\u0144 i monitoruj\u0105c post\u0119py prac,<\/h6>\n<h6 style=\"text-align: center;\"><strong>\u25b8 <\/strong>dbanie o prawid\u0142ow\u0105 sekwencj\u0119 dzia\u0142a\u0144, unikaj\u0105c op\u00f3\u017anie\u0144 i konflikt\u00f3w, a tak\u017ce podejmowanie decyzji na bie\u017c\u0105co w razie zmian czy problem\u00f3w napotkanych na budowie,<\/h6>\n<h6 style=\"text-align: center;\"><strong>\u25b8 <\/strong>odpowiedzialno\u015b\u0107 za wykonywanie prac zgodnie z odpowiednimi standardami jako\u015bci i bezpiecze\u0144stwa.<\/h6>\n<p>\n<\/div><\/div>\r\n\t\t<\/div><div class=\"bt_bb_tab_item\">\r\n\t\t\t<div class=\"bt_bb_tab_content\"><div class=\"bt_bb_icon bt_bb_color_scheme_3 bt_bb_style_borderless bt_bb_size_xlarge bt_bb_shape_circle bt_bb_target_self bt_bb_text_empty bt_bb_align_center\" style=\"; --primary-color:#155d8d; --secondary-color:#252525;\" data-bt-override-class=\"{&quot;bt_bb_size_&quot;:{&quot;current_class&quot;:&quot;bt_bb_size_xlarge&quot;,&quot;def&quot;:&quot;xlarge&quot;},&quot;bt_bb_align_&quot;:{&quot;current_class&quot;:&quot;bt_bb_align_center&quot;,&quot;def&quot;:&quot;center&quot;},&quot;bt_bb_animation_&quot;:{&quot;current_class&quot;:&quot;bt_bb_animation_no_animation&quot;,&quot;def&quot;:&quot;no_animation&quot;}}\"><span  data-ico-engineering=\"&#xf10f;\" class=\"bt_bb_icon_holder\"><\/span><\/div><div  class=\"bt_bb_text\" ><\/p>\n<h6 style=\"text-align: center;\"><strong>Monter wentylacji i klimatyzacji<\/strong><\/h6>\n<h6 style=\"text-align: center;\">Obowi\u0105zki montera to:<\/h6>\n<h6 style=\"text-align: center;\">\u25b8 montowanie, instalowanie i utrzymywanie system\u00f3w wentylacyjnych oraz klimatyzacyjnych,<\/h6>\n<h6 style=\"text-align: center;\">\u25b8 monta\u017c system\u00f3w wentylacji i klimatyzacji,<\/h6>\n<h6 style=\"text-align: center;\">\u25b8 przygotowanie element\u00f3w, monta\u017c kana\u0142\u00f3w, przewod\u00f3w, jednostek wewn\u0119trznych i zewn\u0119trznych, pod\u0142\u0105czenie systemu do \u017ar\u00f3de\u0142 zasilania,<\/h6>\n<h6 style=\"text-align: center;\">\u25b8 konserwacje i serwisowanie system\u00f3w, czyszczenie filtr\u00f3w, sprawdzanie parametr\u00f3w technicznych, naprawy i regulacje,<\/h6>\n<h6 style=\"text-align: center;\">\u25b8 diagnozowanie usterek i skuteczna ich naprawa.<\/h6>\n<p>\n<\/div><\/div>\r\n\t\t<\/div><\/div><\/div><\/div><\/div><\/div><div data-bb-version=\"5.4.0\"  class=\"bt_bb_column col-xxl-3 col-xl-3 col-xs-12 col-sm-12 col-md-12 col-lg-3 bt_bb_vertical_align_top bt_bb_align_left bt_bb_padding_normal\" style=\"; --column-width:3;\" data-width=\"3\" data-bt-override-class=\"{}\"><div class=\"bt_bb_column_content\"><div class=\"bt_bb_column_content_inner\"><\/div><\/div><\/div><\/div><\/div><div data-bb-version=\"5.4.0\" class=\"bt_bb_row\"  data-bt-override-class=\"{}\"><div class=\"bt_bb_row_holder\" ><div data-bb-version=\"5.4.0\"  class=\"bt_bb_column col-xxl-12 col-xl-12 col-xs-12 col-sm-12 col-md-12 col-lg-12 bt_bb_vertical_align_top bt_bb_align_left bt_bb_padding_normal\" style=\"; --column-width:12;\" data-width=\"12\" data-bt-override-class=\"{}\"><div class=\"bt_bb_column_content\"><div class=\"bt_bb_column_content_inner\"><div data-bb-version=\"5.4.0\" class=\"bt_bb_separator bt_bb_border_style_none bt_bb_top_spacing_40 bt_bb_bottom_spacing_none\" data-bt-override-class=\"{&quot;bt_bb_top_spacing_&quot;:{&quot;current_class&quot;:&quot;bt_bb_top_spacing_40&quot;,&quot;def&quot;:&quot;40&quot;},&quot;bt_bb_bottom_spacing_&quot;:{&quot;current_class&quot;:&quot;bt_bb_bottom_spacing_none&quot;,&quot;def&quot;:&quot;none&quot;}}\"><\/div><\/div><\/div><\/div><\/div><\/div><\/div><!-- cell_inner --><\/div><!-- cell --><\/div><!-- port --><\/section><section data-bb-version=\"5.4.0\" id=\"bt_bb_section69f9f92912065\" class=\"bt_bb_section bt_bb_layout_boxed_1200\"  data-bt-override-class=\"null\"><div class=\"bt_bb_port\"><div class=\"bt_bb_cell\"><div class=\"bt_bb_cell_inner\"><div class=\"bt_bb_row\"  data-bt-override-class=\"{}\"><div class=\"bt_bb_row_holder\" ><div data-bb-version=\"5.4.0\"  class=\"bt_bb_column col-xxl-3 col-xl-3 col-xs-12 col-sm-12 col-md-12 col-lg-3 bt_bb_vertical_align_top bt_bb_align_left bt_bb_padding_normal\" style=\"; --column-width:3;\" data-width=\"3\" data-bt-override-class=\"{}\"><div class=\"bt_bb_column_content\"><div class=\"bt_bb_column_content_inner\"><\/div><\/div><\/div><div data-bb-version=\"5.4.0\"  class=\"bt_bb_column col-xxl-6 col-xl-6 col-xs-12 col-sm-12 col-md-12 col-lg-6 bt_bb_vertical_align_top bt_bb_align_left bt_bb_padding_normal\" style=\"; --column-width:6;\" data-width=\"6\" data-bt-override-class=\"{}\"><div class=\"bt_bb_column_content\"><div class=\"bt_bb_column_content_inner\"><div data-bb-version=\"5.4.0\" class=\"bt_bb_contact_form_7\"><div id=\"cf7cstmzr-form\" class=\"cf7cstmzr-form-21 cf7cstmzr-form\">\n<div class=\"wpcf7 no-js\" id=\"wpcf7-f21-o1\" lang=\"pl-PL\" dir=\"ltr\" data-wpcf7-id=\"21\">\n<div class=\"screen-reader-response\"><p role=\"status\" aria-live=\"polite\" aria-atomic=\"true\"><\/p> <ul><\/ul><\/div>\n<form action=\"\/cs\/wp-json\/wp\/v2\/pages\/6109#wpcf7-f21-o1\" method=\"post\" class=\"wpcf7-form init\" aria-label=\"Formularz kontaktowy\" enctype=\"multipart\/form-data\" novalidate=\"novalidate\" data-status=\"init\" data-trp-original-action=\"\/cs\/wp-json\/wp\/v2\/pages\/6109#wpcf7-f21-o1\">\n<fieldset class=\"hidden-fields-container\"><input type=\"hidden\" name=\"_wpcf7\" value=\"21\" \/><input type=\"hidden\" name=\"_wpcf7_version\" value=\"6.1.5\" \/><input type=\"hidden\" name=\"_wpcf7_locale\" value=\"pl_PL\" \/><input type=\"hidden\" name=\"_wpcf7_unit_tag\" value=\"wpcf7-f21-o1\" \/><input type=\"hidden\" name=\"_wpcf7_container_post\" value=\"0\" \/><input type=\"hidden\" name=\"_wpcf7_posted_data_hash\" value=\"\" \/><input type=\"hidden\" name=\"_wpcf7_recaptcha_response\" value=\"\" \/>\n<\/fieldset>\n<div class=\"clearfix\">\n\t<p><span class=\"wpcf7-form-control-wrap\" data-name=\"imie\"><input size=\"40\" maxlength=\"400\" class=\"wpcf7-form-control wpcf7-text wpcf7-validates-as-required\" aria-required=\"true\" aria-invalid=\"false\" placeholder=\"Jm\u00e9no a p\u0159\u00edjmen\u00ed *\" value=\"\" type=\"text\" name=\"imie\" \/><\/span>\n\t<\/p>\n\t<p><span class=\"wpcf7-form-control-wrap\" data-name=\"email\"><input size=\"40\" maxlength=\"400\" class=\"wpcf7-form-control wpcf7-email wpcf7-validates-as-required wpcf7-text wpcf7-validates-as-email\" aria-required=\"true\" aria-invalid=\"false\" placeholder=\"E-mailov\u00e1 adresa *\" value=\"\" type=\"email\" name=\"email\" \/><\/span>\n\t<\/p>\n\t<p><span class=\"wpcf7-form-control-wrap\" data-name=\"temat\"><input size=\"40\" maxlength=\"400\" class=\"wpcf7-form-control wpcf7-text wpcf7-validates-as-required\" aria-required=\"true\" aria-invalid=\"false\" placeholder=\"P\u0159edm\u011bt *\" value=\"\" type=\"text\" name=\"temat\" \/><\/span>\n\t<\/p>\n\t<p><span class=\"wpcf7-form-control-wrap\" data-name=\"wiadomosc\"><textarea cols=\"2\" rows=\"5\" maxlength=\"2000\" class=\"wpcf7-form-control wpcf7-textarea\" aria-invalid=\"false\" placeholder=\"Text zpr\u00e1vy\" name=\"wiadomosc\"><\/textarea><\/span>\n\t<\/p>\n\t<p><span class=\"wpcf7-form-control-wrap\" data-name=\"plik\"><input size=\"40\" class=\"wpcf7-form-control wpcf7-file\" accept=\"image\/*\" aria-invalid=\"false\" type=\"file\" name=\"plik\" \/><\/span>\n\t<\/p>\n\t<p><input class=\"wpcf7-form-control wpcf7-submit has-spinner\" type=\"submit\" value=\"Odeslat\" \/>\n\t<\/p>\n<\/div><div class=\"wpcf7-response-output\" aria-hidden=\"true\"><\/div>\n<input type=\"hidden\" name=\"trp-form-language\" value=\"cs\"\/><\/form>\n<\/div>\n<\/div><\/div><\/div><\/div><\/div><div data-bb-version=\"5.4.0\"  class=\"bt_bb_column col-xxl-3 col-xl-3 col-xs-12 col-sm-12 col-md-12 col-lg-3 bt_bb_vertical_align_top bt_bb_align_left bt_bb_padding_normal\" style=\"; --column-width:3;\" data-width=\"3\" data-bt-override-class=\"{}\"><div class=\"bt_bb_column_content\"><div class=\"bt_bb_column_content_inner\"><\/div><\/div><\/div><\/div><\/div><div data-bb-version=\"5.4.0\" class=\"bt_bb_row\"  data-bt-override-class=\"{}\"><div class=\"bt_bb_row_holder\" ><div data-bb-version=\"5.4.0\"  class=\"bt_bb_column col-xxl-12 col-xl-12 col-xs-12 col-sm-12 col-md-12 col-lg-12 bt_bb_vertical_align_top bt_bb_align_left bt_bb_padding_normal\" style=\"; --column-width:12;\" data-width=\"12\" data-bt-override-class=\"{}\"><div class=\"bt_bb_column_content\"><div class=\"bt_bb_column_content_inner\"><div data-bb-version=\"5.4.0\" class=\"bt_bb_separator bt_bb_border_style_none bt_bb_top_spacing_40 bt_bb_bottom_spacing_none\" data-bt-override-class=\"{&quot;bt_bb_top_spacing_&quot;:{&quot;current_class&quot;:&quot;bt_bb_top_spacing_40&quot;,&quot;def&quot;:&quot;40&quot;},&quot;bt_bb_bottom_spacing_&quot;:{&quot;current_class&quot;:&quot;bt_bb_bottom_spacing_none&quot;,&quot;def&quot;:&quot;none&quot;}}\"><\/div><\/div><\/div><\/div><\/div><\/div><\/div><!-- cell_inner --><\/div><!-- cell --><\/div><!-- port --><\/section><\/p>","protected":false},"excerpt":{"rendered":"","protected":false},"author":3,"featured_media":0,"parent":0,"menu_order":0,"comment_status":"closed","ping_status":"closed","template":"","meta":{"footnotes":""},"class_list":["post-6109","page","type-page","status-publish","hentry"],"_links":{"self":[{"href":"https:\/\/sgklima.pl\/cs\/wp-json\/wp\/v2\/pages\/6109","targetHints":{"allow":["GET"]}}],"collection":[{"href":"https:\/\/sgklima.pl\/cs\/wp-json\/wp\/v2\/pages"}],"about":[{"href":"https:\/\/sgklima.pl\/cs\/wp-json\/wp\/v2\/types\/page"}],"author":[{"embeddable":true,"href":"https:\/\/sgklima.pl\/cs\/wp-json\/wp\/v2\/users\/3"}],"replies":[{"embeddable":true,"href":"https:\/\/sgklima.pl\/cs\/wp-json\/wp\/v2\/comments?post=6109"}],"version-history":[{"count":59,"href":"https:\/\/sgklima.pl\/cs\/wp-json\/wp\/v2\/pages\/6109\/revisions"}],"predecessor-version":[{"id":6516,"href":"https:\/\/sgklima.pl\/cs\/wp-json\/wp\/v2\/pages\/6109\/revisions\/6516"}],"wp:attachment":[{"href":"https:\/\/sgklima.pl\/cs\/wp-json\/wp\/v2\/media?parent=6109"}],"curies":[{"name":"wp","href":"https:\/\/api.w.org\/{rel}","templated":true}]}}