{"id":6107,"date":"2023-07-18T14:01:47","date_gmt":"2023-07-18T12:01:47","guid":{"rendered":"http:\/\/nowa.sgklima.pl\/?page_id=6107"},"modified":"2025-06-26T14:16:08","modified_gmt":"2025-06-26T12:16:08","slug":"rekuperacja","status":"publish","type":"page","link":"https:\/\/sgklima.pl\/cs\/rekuperacja\/","title":{"rendered":"Rekuperace"},"content":{"rendered":"<p><section data-bb-version=\"4.5.9\" id=\"bt_bb_section69f9f93d5e097\" class=\"bt_bb_section bt_bb_layout_wide bt_bb_vertical_align_top bt_bb_top_spacing_50 bt_bb_bottom_spacing_none bt_bb_animation_fade_in move_left animate\"  data-bt-override-class=\"{&quot;bt_bb_top_spacing_&quot;:{&quot;current_class&quot;:&quot;bt_bb_top_spacing_50&quot;,&quot;def&quot;:&quot;50&quot;},&quot;bt_bb_bottom_spacing_&quot;:{&quot;current_class&quot;:&quot;bt_bb_bottom_spacing_none&quot;,&quot;def&quot;:&quot;none&quot;}}\"><div class=\"bt_bb_port\"><div class=\"bt_bb_cell\"><div class=\"bt_bb_cell_inner\"><div data-bb-version=\"4.5.9\" class=\"bt_bb_row\" style=\"background-color:rgb(14,90,139);\" data-bt-override-class=\"{}\"><div class=\"bt_bb_row_holder\" ><div data-bb-version=\"4.5.9\"  class=\"bt_bb_column col-xxl-12 col-xl-12 col-xs-12 col-sm-12 col-md-12 col-lg-12 bt_bb_vertical_align_top bt_bb_align_center bt_bb_padding_normal\" style=\"; --column-width:12;\" data-width=\"12\" data-bt-override-class=\"{&quot;bt_bb_align_&quot;:{&quot;current_class&quot;:&quot;bt_bb_align_center&quot;,&quot;def&quot;:&quot;center&quot;},&quot;bt_bb_padding_&quot;:{&quot;current_class&quot;:&quot;bt_bb_padding_normal&quot;,&quot;def&quot;:&quot;normal&quot;}}\"><div class=\"bt_bb_column_content\"><div class=\"bt_bb_column_content_inner\"><div data-bb-version=\"4.5.9\" class=\"bt_bb_separator bt_bb_border_style_none bt_bb_top_spacing_10 bt_bb_bottom_spacing_none\" data-bt-override-class=\"{&quot;bt_bb_top_spacing_&quot;:{&quot;current_class&quot;:&quot;bt_bb_top_spacing_10&quot;,&quot;def&quot;:&quot;10&quot;},&quot;bt_bb_bottom_spacing_&quot;:{&quot;current_class&quot;:&quot;bt_bb_bottom_spacing_none&quot;,&quot;def&quot;:&quot;none&quot;}}\"><\/div><header data-bb-version=\"4.6.1\" class=\"bt_bb_headline bt_bb_dash_none bt_bb_size_inherit bt_bb_align_inherit\" style=\";font-family:&#039;Montserrat&#039;;color:rgb(255,255,255);border-color:rgb(255,255,255);\" data-bt-override-class=\"{&quot;bt_bb_size_&quot;:{&quot;current_class&quot;:&quot;bt_bb_size_inherit&quot;,&quot;def&quot;:&quot;inherit&quot;},&quot;bt_bb_align_&quot;:{&quot;current_class&quot;:&quot;bt_bb_align_inherit&quot;,&quot;def&quot;:&quot;inherit&quot;}}\"><h1 style=\";font-family:'Montserrat'\"><span class=\"bt_bb_headline_content\"><span ><a href=\"https:\/\/sgklima.pl\/cs\/rekuperatory\/\" target=\"_self\" title=\"REKUPERA\u010cN\u00cd JEDNOTKY\">REKUPERA\u010cN\u00cd JEDNOTKY<\/a><\/span><\/span><\/h1><\/header><div data-bb-version=\"4.5.9\" class=\"bt_bb_separator bt_bb_border_style_none bt_bb_top_spacing_10 bt_bb_bottom_spacing_none\" data-bt-override-class=\"{&quot;bt_bb_top_spacing_&quot;:{&quot;current_class&quot;:&quot;bt_bb_top_spacing_10&quot;,&quot;def&quot;:&quot;10&quot;},&quot;bt_bb_bottom_spacing_&quot;:{&quot;current_class&quot;:&quot;bt_bb_bottom_spacing_none&quot;,&quot;def&quot;:&quot;none&quot;}}\"><\/div><\/div><\/div><\/div><\/div><\/div><\/div><!-- cell_inner --><\/div><!-- cell --><\/div><!-- port --><\/section><section data-bb-version=\"4.5.9\" id=\"bt_bb_section69f9f93d5e925\" class=\"bt_bb_section bt_bb_layout_boxed_1200 bt_bb_vertical_align_top bt_bb_top_spacing_10 bt_bb_bottom_spacing_50 bt_bb_animation_fade_in move_up animate\"  data-bt-override-class=\"{&quot;bt_bb_top_spacing_&quot;:{&quot;current_class&quot;:&quot;bt_bb_top_spacing_10&quot;,&quot;def&quot;:&quot;10&quot;},&quot;bt_bb_bottom_spacing_&quot;:{&quot;current_class&quot;:&quot;bt_bb_bottom_spacing_50&quot;,&quot;def&quot;:&quot;50&quot;}}\"><div class=\"bt_bb_port\"><div class=\"bt_bb_cell\"><div class=\"bt_bb_cell_inner\"><div data-bb-version=\"4.5.9\" class=\"bt_bb_row\"  data-bt-override-class=\"{}\"><div class=\"bt_bb_row_holder\" ><div data-bb-version=\"4.5.9\"  class=\"bt_bb_column col-xxl-12 col-xl-12 col-xs-12 col-sm-12 col-md-12 col-lg-12 bt_bb_vertical_align_top bt_bb_align_center bt_bb_padding_normal\" style=\"; --column-width:12;\" data-width=\"12\" data-bt-override-class=\"{&quot;bt_bb_align_&quot;:{&quot;current_class&quot;:&quot;bt_bb_align_center&quot;,&quot;def&quot;:&quot;center&quot;},&quot;bt_bb_padding_&quot;:{&quot;current_class&quot;:&quot;bt_bb_padding_normal&quot;,&quot;def&quot;:&quot;normal&quot;}}\"><div class=\"bt_bb_column_content\"><div class=\"bt_bb_column_content_inner\"><div data-bb-version=\"4.5.9\" class=\"bt_bb_separator bt_bb_border_style_none bt_bb_top_spacing_50 bt_bb_bottom_spacing_none\" data-bt-override-class=\"{&quot;bt_bb_top_spacing_&quot;:{&quot;current_class&quot;:&quot;bt_bb_top_spacing_50&quot;,&quot;def&quot;:&quot;50&quot;},&quot;bt_bb_bottom_spacing_&quot;:{&quot;current_class&quot;:&quot;bt_bb_bottom_spacing_none&quot;,&quot;def&quot;:&quot;none&quot;}}\"><\/div><div data-bb-version=\"4.5.9\"  class=\"bt_bb_text\" ><\/p>\n<h5 style=\"text-align: center\">Rekuperace je ventila\u010dn\u00ed technologie, kter\u00e1 umo\u017e\u0148uje z\u00edsk\u00e1vat teplo z odv\u00e1d\u011bn\u00e9ho vzduchu z domu a vyu\u017e\u00edvat jej k oh\u0159evu \u010derstv\u00e9ho vzduchu p\u0159iv\u00e1d\u011bn\u00e9ho do interi\u00e9ru. Tento proces prob\u00edh\u00e1 d\u00edky v\u00fdm\u011bn\u00edku tepla, kter\u00fd p\u0159en\u00e1\u0161\u00ed tepelnou energii z jednoho proudu vzduchu na druh\u00fd. Vzduch odv\u00e1d\u011bn\u00fd z domu p\u0159ed\u00e1v\u00e1 teplo do v\u00fdm\u011bn\u00edku a n\u00e1sledn\u011b je \u010derstv\u00fd p\u0159iv\u00e1d\u011bn\u00fd vzduch oh\u0159\u00edv\u00e1n pomoc\u00ed z\u00edskan\u00e9ho tepla.<\/h5>\n<p>\n<\/div><\/div><\/div><\/div><\/div><\/div><\/div><!-- cell_inner --><\/div><!-- cell --><\/div><!-- port --><\/section><section data-bb-version=\"4.5.9\" id=\"bt_bb_section69f9f93d5efd0\" class=\"bt_bb_section bt_bb_layout_boxed_1200 bt_bb_vertical_align_top bt_bb_top_spacing_none bt_bb_bottom_spacing_50 bt_bb_animation_fade_in move_up animate\"  data-bt-override-class=\"{&quot;bt_bb_top_spacing_&quot;:{&quot;current_class&quot;:&quot;bt_bb_top_spacing_none&quot;,&quot;def&quot;:&quot;none&quot;},&quot;bt_bb_bottom_spacing_&quot;:{&quot;current_class&quot;:&quot;bt_bb_bottom_spacing_50&quot;,&quot;def&quot;:&quot;50&quot;}}\"><div class=\"bt_bb_port\"><div class=\"bt_bb_cell\"><div class=\"bt_bb_cell_inner\"><div class=\"bt_bb_row\"  data-bt-override-class=\"{}\"><div class=\"bt_bb_row_holder\" ><div data-bb-version=\"4.5.9\"  class=\"bt_bb_column col-xxl-6 col-xl-6 col-xs-12 col-sm-6 col-md-6 col-lg-6 bt_bb_vertical_align_top bt_bb_align_left bt_bb_padding_normal\" style=\"; --column-width:6;\" data-width=\"6\" data-bt-override-class=\"{}\"><div class=\"bt_bb_column_content\"><div class=\"bt_bb_column_content_inner\"><header data-bb-version=\"4.5.9\" class=\"bt_bb_headline bt_bb_dash_none bt_bb_size_large bt_bb_align_inherit\" style=\";font-family:&#039;Montserrat&#039;;color:rgb(0,0,0);border-color:rgb(0,0,0);\" data-bt-override-class=\"{&quot;bt_bb_size_&quot;:{&quot;current_class&quot;:&quot;bt_bb_size_large&quot;,&quot;def&quot;:&quot;large&quot;},&quot;bt_bb_align_&quot;:{&quot;current_class&quot;:&quot;bt_bb_align_inherit&quot;,&quot;def&quot;:&quot;inherit&quot;}}\"><h1 style=\";font-family:'Montserrat'\"><span class=\"bt_bb_headline_content\"><span >Fungov\u00e1n\u00ed rekupera\u010dn\u00ed jednotky<\/span><\/span><\/h1><\/header><div data-bb-version=\"4.5.9\" class=\"bt_bb_separator bt_bb_border_style_none bt_bb_top_spacing_20 bt_bb_bottom_spacing_none\" data-bt-override-class=\"{&quot;bt_bb_top_spacing_&quot;:{&quot;current_class&quot;:&quot;bt_bb_top_spacing_20&quot;,&quot;def&quot;:&quot;20&quot;},&quot;bt_bb_bottom_spacing_&quot;:{&quot;current_class&quot;:&quot;bt_bb_bottom_spacing_none&quot;,&quot;def&quot;:&quot;none&quot;}}\"><\/div><div data-bb-version=\"4.5.9\" class=\"bt_bb_service bt_bb_color_scheme_3 bt_bb_style_borderless bt_bb_size_small bt_bb_shape_circle bt_bb_align_left bt_bb_title_size_extralarge\" style=\"; --service-primary-color:#155d8d; --service-secondary-color:#252525;\" data-bt-override-class=\"{&quot;bt_bb_size_&quot;:{&quot;current_class&quot;:&quot;bt_bb_size_small&quot;,&quot;def&quot;:&quot;small&quot;},&quot;bt_bb_align_&quot;:{&quot;current_class&quot;:&quot;bt_bb_align_left&quot;,&quot;def&quot;:&quot;left&quot;}}\"><span  data-ico-fontawesome=\"&#xf061;\" class=\"bt_bb_icon_holder\"><\/span><div class=\"bt_bb_service_content\"><div class=\"bt_bb_service_content_title\">Ods\u00e1v\u00e1n\u00ed vzduchu<\/div><div class=\"bt_bb_service_content_text\">Ventil\u00e1tory ods\u00e1vaj\u00ed vzduch z m\u00edstnost\u00ed a odv\u00e1d\u011bj\u00ed jej ven. B\u011bhem tohoto procesu vzduch proch\u00e1z\u00ed filtry, kter\u00e9 odstra\u0148uj\u00ed ne\u010distoty a prach.<br \/><br \/>\n<\/div><\/div><\/div><div data-bb-version=\"4.5.9\" class=\"bt_bb_separator bt_bb_border_style_none bt_bb_top_spacing_20 bt_bb_bottom_spacing_none\" data-bt-override-class=\"{&quot;bt_bb_top_spacing_&quot;:{&quot;current_class&quot;:&quot;bt_bb_top_spacing_20&quot;,&quot;def&quot;:&quot;20&quot;},&quot;bt_bb_bottom_spacing_&quot;:{&quot;current_class&quot;:&quot;bt_bb_bottom_spacing_none&quot;,&quot;def&quot;:&quot;none&quot;}}\"><\/div><div data-bb-version=\"4.5.9\" class=\"bt_bb_service bt_bb_color_scheme_3 bt_bb_style_borderless bt_bb_size_small bt_bb_shape_circle bt_bb_align_left bt_bb_title_size_extralarge\" style=\"; --service-primary-color:#155d8d; --service-secondary-color:#252525;\" data-bt-override-class=\"{&quot;bt_bb_size_&quot;:{&quot;current_class&quot;:&quot;bt_bb_size_small&quot;,&quot;def&quot;:&quot;small&quot;},&quot;bt_bb_align_&quot;:{&quot;current_class&quot;:&quot;bt_bb_align_left&quot;,&quot;def&quot;:&quot;left&quot;}}\"><span  data-ico-fontawesome=\"&#xf061;\" class=\"bt_bb_icon_holder\"><\/span><div class=\"bt_bb_service_content\"><div class=\"bt_bb_service_content_title\">P\u0159enos tepla<\/div><div class=\"bt_bb_service_content_text\">Odv\u00e1d\u011bn\u00fd vzduch odevzd\u00e1v\u00e1 teplo do v\u00fdm\u011bn\u00edku tepla. Ten se skl\u00e1d\u00e1 z kan\u00e1lk\u016f nebo desek, kter\u00e9 umo\u017e\u0148uj\u00ed p\u0159enos tepeln\u00e9 energie z jednoho proudu vzduchu na druh\u00fd, ani\u017e by se proudy m\u00edsily.<\/div><\/div><\/div><div data-bb-version=\"4.5.9\" class=\"bt_bb_separator bt_bb_border_style_none bt_bb_top_spacing_20 bt_bb_bottom_spacing_none\" data-bt-override-class=\"{&quot;bt_bb_top_spacing_&quot;:{&quot;current_class&quot;:&quot;bt_bb_top_spacing_20&quot;,&quot;def&quot;:&quot;20&quot;},&quot;bt_bb_bottom_spacing_&quot;:{&quot;current_class&quot;:&quot;bt_bb_bottom_spacing_none&quot;,&quot;def&quot;:&quot;none&quot;}}\"><\/div><div data-bb-version=\"4.5.9\" class=\"bt_bb_service bt_bb_color_scheme_3 bt_bb_style_borderless bt_bb_size_small bt_bb_shape_circle bt_bb_align_left bt_bb_title_size_extralarge\" style=\"; --service-primary-color:#155d8d; --service-secondary-color:#252525;\" data-bt-override-class=\"{&quot;bt_bb_size_&quot;:{&quot;current_class&quot;:&quot;bt_bb_size_small&quot;,&quot;def&quot;:&quot;small&quot;},&quot;bt_bb_align_&quot;:{&quot;current_class&quot;:&quot;bt_bb_align_left&quot;,&quot;def&quot;:&quot;left&quot;}}\"><span  data-ico-fontawesome=\"&#xf061;\" class=\"bt_bb_icon_holder\"><\/span><div class=\"bt_bb_service_content\"><div class=\"bt_bb_service_content_title\">Oh\u0159ev \u010derstv\u00e9ho vzduchu<\/div><div class=\"bt_bb_service_content_text\">\u010cerstv\u00fd vzduch nas\u00e1van\u00fd z venkovn\u00edho prost\u0159ed\u00ed je veden na druhou stranu v\u00fdm\u011bn\u00edku tepla, kde se d\u00edky p\u0159enosu tepla z odv\u00e1d\u011bn\u00e9ho vzduchu oh\u0159\u00edv\u00e1.<br \/><br \/>\n<\/div><\/div><\/div><div data-bb-version=\"4.5.9\" class=\"bt_bb_separator bt_bb_border_style_none bt_bb_top_spacing_20 bt_bb_bottom_spacing_none\" data-bt-override-class=\"{&quot;bt_bb_top_spacing_&quot;:{&quot;current_class&quot;:&quot;bt_bb_top_spacing_20&quot;,&quot;def&quot;:&quot;20&quot;},&quot;bt_bb_bottom_spacing_&quot;:{&quot;current_class&quot;:&quot;bt_bb_bottom_spacing_none&quot;,&quot;def&quot;:&quot;none&quot;}}\"><\/div><div data-bb-version=\"4.5.9\" class=\"bt_bb_service bt_bb_color_scheme_3 bt_bb_style_borderless bt_bb_size_small bt_bb_shape_circle bt_bb_align_left bt_bb_title_size_extralarge\" style=\"; --service-primary-color:#155d8d; --service-secondary-color:#252525;\" data-bt-override-class=\"{&quot;bt_bb_size_&quot;:{&quot;current_class&quot;:&quot;bt_bb_size_small&quot;,&quot;def&quot;:&quot;small&quot;},&quot;bt_bb_align_&quot;:{&quot;current_class&quot;:&quot;bt_bb_align_left&quot;,&quot;def&quot;:&quot;left&quot;}}\"><span  data-ico-fontawesome=\"&#xf061;\" class=\"bt_bb_icon_holder\"><\/span><div class=\"bt_bb_service_content\"><div class=\"bt_bb_service_content_title\">P\u0159\u00edvod vzduchu<\/div><div class=\"bt_bb_service_content_text\">Po oh\u0159\u00e1t\u00ed je vzduch pomoc\u00ed ventil\u00e1tor\u016f p\u0159iv\u00e1d\u011bn do m\u00edstnost\u00ed. Tento \u010derstv\u00fd a ji\u017e p\u0159edeh\u0159\u00e1t\u00fd vzduch zaji\u0161\u0165uje komfortn\u00ed podm\u00ednky a udr\u017euje spr\u00e1vnou kvalitu vzduchu v interi\u00e9ru domu.<\/div><\/div><\/div><\/div><\/div><\/div><div data-bb-version=\"4.5.9\"  class=\"bt_bb_column col-xxl-6 col-xl-6 col-xs-12 col-sm-6 col-md-6 col-lg-6 bt_bb_vertical_align_top bt_bb_align_left bt_bb_padding_normal\" style=\"; --column-width:6;\" data-width=\"6\" data-bt-override-class=\"{}\"><div class=\"bt_bb_column_content\"><div class=\"bt_bb_column_content_inner\"><div data-bb-version=\"5.4.0\" class=\"bt_bb_image bt_bb_shape_square bt_bb_target_self bt_bb_align_inherit bt_bb_hover_style_zoom-in bt_bb_content_display_always bt_bb_content_align_middle bt_bb_inner_padding_15\" data-bt-override-class=\"{&quot;bt_bb_align_&quot;:{&quot;current_class&quot;:&quot;bt_bb_align_inherit&quot;,&quot;def&quot;:&quot;inherit&quot;}}\"><span><img loading=\"lazy\" decoding=\"async\" width=\"1920\" height=\"2276\" src=\"https:\/\/sgklima.pl\/wp-content\/uploads\/2023\/07\/rekuperacja.png\" class=\"attachment-full size-full\" alt=\"https:\/\/sgklima.pl\/wp-content\/uploads\/2023\/07\/rekuperacja.png\" data-full_image_src=\"https:\/\/sgklima.pl\/wp-content\/uploads\/2023\/07\/rekuperacja.png\" title=\"rekuperacja\" srcset=\"https:\/\/sgklima.pl\/wp-content\/uploads\/2023\/07\/rekuperacja.png 1920w, https:\/\/sgklima.pl\/wp-content\/uploads\/2023\/07\/rekuperacja-640x759.png 640w, https:\/\/sgklima.pl\/wp-content\/uploads\/2023\/07\/rekuperacja-1280x1517.png 1280w, https:\/\/sgklima.pl\/wp-content\/uploads\/2023\/07\/rekuperacja-768x910.png 768w, https:\/\/sgklima.pl\/wp-content\/uploads\/2023\/07\/rekuperacja-1296x1536.png 1296w, https:\/\/sgklima.pl\/wp-content\/uploads\/2023\/07\/rekuperacja-1728x2048.png 1728w, https:\/\/sgklima.pl\/wp-content\/uploads\/2023\/07\/rekuperacja-320x379.png 320w\" sizes=\"auto, (max-width: 1920px) 100vw, 1920px\" \/><\/span><\/div><\/div><\/div><\/div><\/div><\/div><\/div><!-- cell_inner --><\/div><!-- cell --><\/div><!-- port --><\/section><section data-bb-version=\"4.5.9\" id=\"bt_bb_section69f9f93d608dc\" class=\"bt_bb_section bt_bb_layout_boxed_1200 bt_bb_vertical_align_top bt_bb_top_spacing_50 bt_bb_bottom_spacing_50 bt_bb_animation_fade_in move_up animate\" style=\";background-color:rgb(237,237,237);\" data-bt-override-class=\"{&quot;bt_bb_top_spacing_&quot;:{&quot;current_class&quot;:&quot;bt_bb_top_spacing_50&quot;,&quot;def&quot;:&quot;50&quot;},&quot;bt_bb_bottom_spacing_&quot;:{&quot;current_class&quot;:&quot;bt_bb_bottom_spacing_50&quot;,&quot;def&quot;:&quot;50&quot;}}\"><div class=\"bt_bb_port\"><div class=\"bt_bb_cell\"><div class=\"bt_bb_cell_inner\"><div class=\"bt_bb_row\"  data-bt-override-class=\"{}\"><div class=\"bt_bb_row_holder\" ><div data-bb-version=\"4.5.9\"  class=\"bt_bb_column col-xxl-12 col-xl-12 col-xs-12 col-sm-12 col-md-12 col-lg-12 bt_bb_vertical_align_top bt_bb_align_center bt_bb_padding_normal\" style=\"; --column-width:12;\" data-width=\"12\" data-bt-override-class=\"{&quot;bt_bb_align_&quot;:{&quot;current_class&quot;:&quot;bt_bb_align_center&quot;,&quot;def&quot;:&quot;center&quot;},&quot;bt_bb_padding_&quot;:{&quot;current_class&quot;:&quot;bt_bb_padding_normal&quot;,&quot;def&quot;:&quot;normal&quot;}}\"><div class=\"bt_bb_column_content\"><div class=\"bt_bb_column_content_inner\"><header data-bb-version=\"4.5.9\" class=\"bt_bb_headline bt_bb_dash_none bt_bb_size_extralarge bt_bb_align_inherit\" style=\";font-family:&#039;Montserrat&#039;;color:rgb(0,0,0);border-color:rgb(0,0,0);\" data-bt-override-class=\"{&quot;bt_bb_size_&quot;:{&quot;current_class&quot;:&quot;bt_bb_size_extralarge&quot;,&quot;def&quot;:&quot;extralarge&quot;},&quot;bt_bb_align_&quot;:{&quot;current_class&quot;:&quot;bt_bb_align_inherit&quot;,&quot;def&quot;:&quot;inherit&quot;}}\"><h1 style=\";font-family:'Montserrat'\"><span class=\"bt_bb_headline_content\"><span >V\u00fdhody rekuperace<\/span><\/span><\/h1><\/header><div data-bb-version=\"4.5.9\" class=\"bt_bb_separator bt_bb_border_style_none bt_bb_top_spacing_30 bt_bb_bottom_spacing_none\" data-bt-override-class=\"{&quot;bt_bb_top_spacing_&quot;:{&quot;current_class&quot;:&quot;bt_bb_top_spacing_30&quot;,&quot;def&quot;:&quot;30&quot;},&quot;bt_bb_bottom_spacing_&quot;:{&quot;current_class&quot;:&quot;bt_bb_bottom_spacing_none&quot;,&quot;def&quot;:&quot;none&quot;}}\"><\/div><div data-bb-version=\"4.5.9\" class=\"bt_bb_service bt_bb_color_scheme_3 bt_bb_style_borderless bt_bb_size_large bt_bb_shape_circle bt_bb_align_inherit bt_bb_title_size_huge bt_bb_title_weight_medium btNoText\" style=\"; --service-primary-color:#155d8d; --service-secondary-color:#252525;\" data-bt-override-class=\"{&quot;bt_bb_size_&quot;:{&quot;current_class&quot;:&quot;bt_bb_size_large&quot;,&quot;def&quot;:&quot;large&quot;},&quot;bt_bb_align_&quot;:{&quot;current_class&quot;:&quot;bt_bb_align_inherit&quot;,&quot;def&quot;:&quot;inherit&quot;}}\"><span  data-ico-fontawesome=\"&#xf0e7;\" class=\"bt_bb_icon_holder\"><\/span><div class=\"bt_bb_service_content\"><div class=\"bt_bb_service_content_title\">\u00daspora energie<\/div><\/div><\/div><div data-bb-version=\"4.5.9\"  class=\"bt_bb_text\" ><\/p>\n<h6>D\u00edky zp\u011btn\u00e9mu z\u00edsk\u00e1v\u00e1n\u00ed tepla umo\u017e\u0148uje rekuperace v\u00fdrazn\u011b sn\u00ed\u017eit tepeln\u00e9 ztr\u00e1ty vznikaj\u00edc\u00ed p\u0159i v\u011btr\u00e1n\u00ed. To znamen\u00e1 ni\u017e\u0161\u00ed spot\u0159ebu energie na vyt\u00e1p\u011bn\u00ed nebo chlazen\u00ed prostor, co\u017e se prom\u00edt\u00e1 do ni\u017e\u0161\u00edch \u00fa\u010dt\u016f za energie.<\/h6>\n<p>\n<\/div><div data-bb-version=\"4.5.9\" class=\"bt_bb_separator bt_bb_border_style_none bt_bb_top_spacing_20 bt_bb_bottom_spacing_none\" data-bt-override-class=\"{&quot;bt_bb_top_spacing_&quot;:{&quot;current_class&quot;:&quot;bt_bb_top_spacing_20&quot;,&quot;def&quot;:&quot;20&quot;},&quot;bt_bb_bottom_spacing_&quot;:{&quot;current_class&quot;:&quot;bt_bb_bottom_spacing_none&quot;,&quot;def&quot;:&quot;none&quot;}}\"><\/div><div data-bb-version=\"4.5.9\" class=\"bt_bb_service bt_bb_color_scheme_3 bt_bb_style_borderless bt_bb_size_large bt_bb_shape_circle bt_bb_align_inherit bt_bb_title_size_huge bt_bb_title_weight_medium btNoText\" style=\"; --service-primary-color:#155d8d; --service-secondary-color:#252525;\" data-bt-override-class=\"{&quot;bt_bb_size_&quot;:{&quot;current_class&quot;:&quot;bt_bb_size_large&quot;,&quot;def&quot;:&quot;large&quot;},&quot;bt_bb_align_&quot;:{&quot;current_class&quot;:&quot;bt_bb_align_inherit&quot;,&quot;def&quot;:&quot;inherit&quot;}}\"><span  data-ico-fontawesome5solid=\"&#xf21e;\" class=\"bt_bb_icon_holder\"><\/span><div class=\"bt_bb_service_content\"><div class=\"bt_bb_service_content_title\">Zdrav\u00fd vzduch<\/div><\/div><\/div><div data-bb-version=\"4.5.9\"  class=\"bt_bb_text\" ><\/p>\n<h6>Rekuperace zaji\u0161\u0165uje nejen st\u00e1l\u00fd p\u0159\u00edsun \u010derstv\u00e9ho vzduchu do interi\u00e9ru, ale tak\u00e9 \u00fa\u010dinn\u011b odstra\u0148uje ne\u010distoty, jako je prach, pyl, pl\u00edsn\u011b \u010di bakterie. D\u00edky tomu se zlep\u0161uje kvalita vzduchu, co\u017e je obzvl\u00e1\u0161t\u011b d\u016fle\u017eit\u00e9 pro osoby trp\u00edc\u00ed alergiemi nebo probl\u00e9my s d\u00fdchac\u00edm \u00fastroj\u00edm.<\/h6>\n<p>\n<\/div><div data-bb-version=\"4.5.9\" class=\"bt_bb_separator bt_bb_border_style_none bt_bb_top_spacing_20 bt_bb_bottom_spacing_none\" data-bt-override-class=\"{&quot;bt_bb_top_spacing_&quot;:{&quot;current_class&quot;:&quot;bt_bb_top_spacing_20&quot;,&quot;def&quot;:&quot;20&quot;},&quot;bt_bb_bottom_spacing_&quot;:{&quot;current_class&quot;:&quot;bt_bb_bottom_spacing_none&quot;,&quot;def&quot;:&quot;none&quot;}}\"><\/div><div data-bb-version=\"4.5.9\" class=\"bt_bb_service bt_bb_color_scheme_3 bt_bb_style_borderless bt_bb_size_large bt_bb_shape_circle bt_bb_align_inherit bt_bb_title_size_huge bt_bb_title_weight_medium btNoText\" style=\"; --service-primary-color:#155d8d; --service-secondary-color:#252525;\" data-bt-override-class=\"{&quot;bt_bb_size_&quot;:{&quot;current_class&quot;:&quot;bt_bb_size_large&quot;,&quot;def&quot;:&quot;large&quot;},&quot;bt_bb_align_&quot;:{&quot;current_class&quot;:&quot;bt_bb_align_inherit&quot;,&quot;def&quot;:&quot;inherit&quot;}}\"><span  data-ico-heating=\"&#xf129;\" class=\"bt_bb_icon_holder\"><\/span><div class=\"bt_bb_service_content\"><div class=\"bt_bb_service_content_title\">Tepeln\u00fd komfort<\/div><\/div><\/div><div data-bb-version=\"4.5.9\"  class=\"bt_bb_text\" ><\/p>\n<h6>Rekupera\u010dn\u00ed syst\u00e9m umo\u017e\u0148uje udr\u017eovat st\u00e1lou teplotu a vlhkost v interi\u00e9ru domu, co\u017e se pozitivn\u011b odr\u00e1\u017e\u00ed na vy\u0161\u0161\u00edm tepeln\u00e9m komfortu obyvatel. Absence pr\u016fvanu a mo\u017enost regulace parametr\u016f vzduchu maj\u00ed p\u0159\u00edzniv\u00fd vliv na celkovou pohodu.<\/h6>\n<p>\n<\/div><div data-bb-version=\"4.5.9\" class=\"bt_bb_separator bt_bb_border_style_none bt_bb_top_spacing_20 bt_bb_bottom_spacing_none\" data-bt-override-class=\"{&quot;bt_bb_top_spacing_&quot;:{&quot;current_class&quot;:&quot;bt_bb_top_spacing_20&quot;,&quot;def&quot;:&quot;20&quot;},&quot;bt_bb_bottom_spacing_&quot;:{&quot;current_class&quot;:&quot;bt_bb_bottom_spacing_none&quot;,&quot;def&quot;:&quot;none&quot;}}\"><\/div><div data-bb-version=\"4.5.9\" class=\"bt_bb_service bt_bb_color_scheme_3 bt_bb_style_borderless bt_bb_size_large bt_bb_shape_circle bt_bb_align_inherit bt_bb_title_size_huge bt_bb_title_weight_medium btNoText\" style=\"; --service-primary-color:#155d8d; --service-secondary-color:#252525;\" data-bt-override-class=\"{&quot;bt_bb_size_&quot;:{&quot;current_class&quot;:&quot;bt_bb_size_large&quot;,&quot;def&quot;:&quot;large&quot;},&quot;bt_bb_align_&quot;:{&quot;current_class&quot;:&quot;bt_bb_align_inherit&quot;,&quot;def&quot;:&quot;inherit&quot;}}\"><span  data-ico-heating=\"&#xf119;\" class=\"bt_bb_icon_holder\"><\/span><div class=\"bt_bb_service_content\"><div class=\"bt_bb_service_content_title\">Ochrana \u017eivotn\u00edho prost\u0159ed\u00ed<\/div><\/div><\/div><div data-bb-version=\"4.5.9\"  class=\"bt_bb_text\" ><\/p>\n<h6>D\u00edky ni\u017e\u0161\u00ed spot\u0159eb\u011b energie na vyt\u00e1p\u011bn\u00ed a chlazen\u00ed p\u0159isp\u00edv\u00e1 rekuperace ke sn\u00ed\u017een\u00ed emis\u00ed sklen\u00edkov\u00fdch plyn\u016f a k ochran\u011b \u017eivotn\u00edho prost\u0159ed\u00ed.<\/h6>\n<p>\n<\/div><\/div><\/div><\/div><\/div><\/div><\/div><!-- cell_inner --><\/div><!-- cell --><\/div><!-- port --><\/section><\/p>","protected":false},"excerpt":{"rendered":"","protected":false},"author":3,"featured_media":0,"parent":0,"menu_order":0,"comment_status":"closed","ping_status":"closed","template":"","meta":{"footnotes":""},"class_list":["post-6107","page","type-page","status-publish","hentry"],"_links":{"self":[{"href":"https:\/\/sgklima.pl\/cs\/wp-json\/wp\/v2\/pages\/6107","targetHints":{"allow":["GET"]}}],"collection":[{"href":"https:\/\/sgklima.pl\/cs\/wp-json\/wp\/v2\/pages"}],"about":[{"href":"https:\/\/sgklima.pl\/cs\/wp-json\/wp\/v2\/types\/page"}],"author":[{"embeddable":true,"href":"https:\/\/sgklima.pl\/cs\/wp-json\/wp\/v2\/users\/3"}],"replies":[{"embeddable":true,"href":"https:\/\/sgklima.pl\/cs\/wp-json\/wp\/v2\/comments?post=6107"}],"version-history":[{"count":53,"href":"https:\/\/sgklima.pl\/cs\/wp-json\/wp\/v2\/pages\/6107\/revisions"}],"predecessor-version":[{"id":6473,"href":"https:\/\/sgklima.pl\/cs\/wp-json\/wp\/v2\/pages\/6107\/revisions\/6473"}],"wp:attachment":[{"href":"https:\/\/sgklima.pl\/cs\/wp-json\/wp\/v2\/media?parent=6107"}],"curies":[{"name":"wp","href":"https:\/\/api.w.org\/{rel}","templated":true}]}}