{"id":5556,"date":"2023-07-06T13:44:47","date_gmt":"2023-07-06T11:44:47","guid":{"rendered":"http:\/\/nowa.sgklima.pl\/?page_id=5556"},"modified":"2025-06-26T13:33:32","modified_gmt":"2025-06-26T11:33:32","slug":"hurtownia-wentylacyjna","status":"publish","type":"page","link":"https:\/\/sgklima.pl\/cs\/hurtownia-wentylacyjna\/","title":{"rendered":"Velkoobchod se vzduchotechnikou"},"content":{"rendered":"<p><section data-bb-version=\"4.5.9\" id=\"bt_bb_section69e086f427104\" class=\"bt_bb_section bt_bb_layout_boxed_1200 bt_bb_vertical_align_top bt_bb_top_spacing_50 bt_bb_bottom_spacing_50 bt_bb_animation_fade_in animate\"  data-bt-override-class=\"{&quot;bt_bb_top_spacing_&quot;:{&quot;current_class&quot;:&quot;bt_bb_top_spacing_50&quot;,&quot;def&quot;:&quot;50&quot;},&quot;bt_bb_bottom_spacing_&quot;:{&quot;current_class&quot;:&quot;bt_bb_bottom_spacing_50&quot;,&quot;def&quot;:&quot;50&quot;}}\"><div class=\"bt_bb_port\"><div class=\"bt_bb_cell\"><div class=\"bt_bb_cell_inner\"><div class=\"bt_bb_row\"  data-bt-override-class=\"{}\"><div class=\"bt_bb_row_holder\" ><div data-bb-version=\"4.5.9\"  class=\"bt_bb_column col-xxl-12 col-xl-12 col-xs-12 col-sm-12 col-md-12 col-lg-12 bt_bb_vertical_align_top bt_bb_align_left bt_bb_padding_normal\" style=\"; --column-width:12;\" data-width=\"12\" data-bt-override-class=\"{}\"><div class=\"bt_bb_column_content\"><div class=\"bt_bb_column_content_inner\"><div data-bb-version=\"4.5.9\"  class=\"bt_bb_text\" ><\/p>\n<h6 style=\"text-align: left\">Velkoobchod se vzduchotechnikou hraje kl\u00ed\u010dovou roli v dod\u00e1vk\u00e1ch \u0161irok\u00e9ho spektra produkt\u016f a slu\u017eeb souvisej\u00edc\u00edch s v\u011btr\u00e1n\u00edm. Jeho hlavn\u00edm \u00fakolem je zajistit z\u00e1kazn\u00edk\u016fm snadn\u00fd p\u0159\u00edstup k vysoce kvalitn\u00edm a profesion\u00e1ln\u00edm vzduchotechnick\u00fdm produkt\u016fm. N\u00e1\u0161 velkoobchod nab\u00edz\u00ed \u0161irok\u00fd v\u00fdb\u011br vzduchotechnick\u00fdch potrub\u00ed, ventil\u00e1tor\u016f, vzduchov\u00fdch filtr\u016f, mont\u00e1\u017en\u00edch prvk\u016f a dal\u0161\u00edho p\u0159\u00edslu\u0161enstv\u00ed.<\/h6>\n<p>\n<\/div><div data-bb-version=\"4.5.9\"  class=\"bt_bb_text\" ><\/p>\n<h6>Podle pot\u0159eb jsme schopni realizovat jak velk\u00e9 investi\u010dn\u00ed projekty, tak i men\u0161\u00ed zak\u00e1zky pro soukrom\u00e9 osoby. V\u0161echny projekty zpracov\u00e1v\u00e1me s maxim\u00e1ln\u00ed pe\u010dlivost\u00ed, abychom poskytovali slu\u017eby nejvy\u0161\u0161\u00ed kvality. P\u0159i p\u0159\u00edprav\u011b konkr\u00e9tn\u00edch \u0159e\u0161en\u00ed db\u00e1me na detaily a p\u0159izp\u016fsobujeme je individu\u00e1ln\u00edm pot\u0159eb\u00e1m z\u00e1kazn\u00edk\u016f. Z\u00e1rove\u0148 se v\u017edy sna\u017e\u00edme volit co nej\u00fasporn\u011bj\u0161\u00ed \u0159e\u0161en\u00ed a zohled\u0148ovat p\u0159ipom\u00ednky souvisej\u00edc\u00ed s realizac\u00ed jednotliv\u00fdch zak\u00e1zek.<\/h6>\n<p>\n<\/div><\/div><\/div><\/div><\/div><\/div><div data-bb-version=\"4.5.9\" class=\"bt_bb_row\"  data-bt-override-class=\"{}\"><div class=\"bt_bb_row_holder\" ><div data-bb-version=\"4.5.9\"  class=\"bt_bb_column col-xxl-12 col-xl-12 col-xs-12 col-sm-12 col-md-12 col-lg-12 bt_bb_vertical_align_top bt_bb_align_left bt_bb_padding_normal\" style=\"; --column-width:12;\" data-width=\"12\" data-bt-override-class=\"{}\"><div class=\"bt_bb_column_content\"><div class=\"bt_bb_column_content_inner\"><div data-bb-version=\"4.5.9\" class=\"bt_bb_separator bt_bb_border_style_none bt_bb_top_spacing_40 bt_bb_bottom_spacing_none\" data-bt-override-class=\"{&quot;bt_bb_top_spacing_&quot;:{&quot;current_class&quot;:&quot;bt_bb_top_spacing_40&quot;,&quot;def&quot;:&quot;40&quot;},&quot;bt_bb_bottom_spacing_&quot;:{&quot;current_class&quot;:&quot;bt_bb_bottom_spacing_none&quot;,&quot;def&quot;:&quot;none&quot;}}\"><\/div><\/div><\/div><\/div><\/div><\/div><div data-bb-version=\"4.5.9\" class=\"bt_bb_row\"  data-bt-override-class=\"{}\"><div class=\"bt_bb_row_holder\" ><div data-bb-version=\"4.5.9\"  class=\"bt_bb_column col-xxl-12 col-xl-12 col-xs-12 col-sm-12 col-md-12 col-lg-12 bt_bb_vertical_align_top bt_bb_align_left bt_bb_padding_normal\" style=\"; --column-width:12;\" data-width=\"12\" data-bt-override-class=\"{}\"><div class=\"bt_bb_column_content\"><div class=\"bt_bb_column_content_inner\"><div data-bb-version=\"4.5.9\" class=\"bt_bb_image bt_bb_shape_square bt_bb_target_self bt_bb_align_inherit bt_bb_hover_style_zoom-in bt_bb_content_display_always bt_bb_content_align_middle bt_bb_inner_padding_15\" data-bt-override-class=\"{&quot;bt_bb_align_&quot;:{&quot;current_class&quot;:&quot;bt_bb_align_inherit&quot;,&quot;def&quot;:&quot;inherit&quot;}}\"><span><img loading=\"lazy\" decoding=\"async\" width=\"2560\" height=\"1478\" src=\"https:\/\/sgklima.pl\/wp-content\/uploads\/2023\/07\/hurtownia1.png\" class=\"attachment-full size-full\" alt=\"https:\/\/sgklima.pl\/wp-content\/uploads\/2023\/07\/hurtownia1.png\" data-full_image_src=\"https:\/\/sgklima.pl\/wp-content\/uploads\/2023\/07\/hurtownia1.png\" title=\"hurtownia1\" srcset=\"https:\/\/sgklima.pl\/wp-content\/uploads\/2023\/07\/hurtownia1.png 2560w, https:\/\/sgklima.pl\/wp-content\/uploads\/2023\/07\/hurtownia1-640x370.png 640w, https:\/\/sgklima.pl\/wp-content\/uploads\/2023\/07\/hurtownia1-1280x739.png 1280w, https:\/\/sgklima.pl\/wp-content\/uploads\/2023\/07\/hurtownia1-768x443.png 768w, https:\/\/sgklima.pl\/wp-content\/uploads\/2023\/07\/hurtownia1-330x190.png 330w, https:\/\/sgklima.pl\/wp-content\/uploads\/2023\/07\/hurtownia1-1536x887.png 1536w, https:\/\/sgklima.pl\/wp-content\/uploads\/2023\/07\/hurtownia1-2048x1182.png 2048w, https:\/\/sgklima.pl\/wp-content\/uploads\/2023\/07\/hurtownia1-320x185.png 320w\" sizes=\"auto, (max-width: 2560px) 100vw, 2560px\" \/><\/span><\/div><\/div><\/div><\/div><\/div><\/div><\/div><!-- cell_inner --><\/div><!-- cell --><\/div><!-- port --><\/section><section data-bb-version=\"4.5.9\" id=\"bt_bb_section69e086f4282c9\" class=\"bt_bb_section bt_bb_layout_boxed_1200 bt_bb_vertical_align_top bt_bb_top_spacing_50 bt_bb_bottom_spacing_50 bt_bb_animation_fade_in animate\" style=\";background-color:rgb(237,237,237);\" data-bt-override-class=\"{&quot;bt_bb_top_spacing_&quot;:{&quot;current_class&quot;:&quot;bt_bb_top_spacing_50&quot;,&quot;def&quot;:&quot;50&quot;},&quot;bt_bb_bottom_spacing_&quot;:{&quot;current_class&quot;:&quot;bt_bb_bottom_spacing_50&quot;,&quot;def&quot;:&quot;50&quot;}}\"><div class=\"bt_bb_port\"><div class=\"bt_bb_cell\"><div class=\"bt_bb_cell_inner\"><div class=\"bt_bb_row\"  data-bt-override-class=\"{}\"><div class=\"bt_bb_row_holder\" ><div data-bb-version=\"4.5.9\"  class=\"bt_bb_column col-xxl-6 col-xl-6 col-xs-12 col-sm-6 col-md-6 col-lg-6 bt_bb_vertical_align_top bt_bb_align_left bt_bb_padding_normal\" style=\"; --column-width:6;\" data-width=\"6\" data-bt-override-class=\"{}\"><div class=\"bt_bb_column_content\"><div class=\"bt_bb_column_content_inner\"><div data-bb-version=\"5.4.0\" class=\"bt_bb_separator bt_bb_border_style_none bt_bb_top_spacing_25 bt_bb_bottom_spacing_none\" data-bt-override-class=\"{&quot;bt_bb_top_spacing_&quot;:{&quot;current_class&quot;:&quot;bt_bb_top_spacing_25&quot;,&quot;def&quot;:&quot;25&quot;},&quot;bt_bb_bottom_spacing_&quot;:{&quot;current_class&quot;:&quot;bt_bb_bottom_spacing_none&quot;,&quot;def&quot;:&quot;none&quot;}}\"><\/div><header data-bb-version=\"5.4.0\" class=\"bt_bb_headline bt_bb_dash_none bt_bb_size_large bt_bb_align_left\" style=\";font-family:&#039;Montserrat&#039;;color:rgb(0,0,0);border-color:rgb(0,0,0);\" data-bt-override-class=\"{&quot;bt_bb_size_&quot;:{&quot;current_class&quot;:&quot;bt_bb_size_large&quot;,&quot;def&quot;:&quot;large&quot;},&quot;bt_bb_align_&quot;:{&quot;current_class&quot;:&quot;bt_bb_align_left&quot;,&quot;def&quot;:&quot;left&quot;}}\"><h1 style=\";font-family:'Montserrat'\"><span class=\"bt_bb_headline_content\"><span >V na\u0161\u00ed nab\u00eddce naleznete:<\/span><\/span><\/h1><\/header><div data-bb-version=\"5.4.0\" class=\"bt_bb_separator bt_bb_border_style_none bt_bb_top_spacing_15 bt_bb_bottom_spacing_none\" data-bt-override-class=\"{&quot;bt_bb_top_spacing_&quot;:{&quot;current_class&quot;:&quot;bt_bb_top_spacing_15&quot;,&quot;def&quot;:&quot;15&quot;},&quot;bt_bb_bottom_spacing_&quot;:{&quot;current_class&quot;:&quot;bt_bb_bottom_spacing_none&quot;,&quot;def&quot;:&quot;none&quot;}}\"><\/div><div data-bb-version=\"4.5.9\"  class=\"bt_bb_text\" ><\/p>\n<h4>anemostaty \u2022 p\u0159\u00edvodn\u00ed m\u0159\u00ed\u017eky <br \/>v\u011btrac\u00ed jednotky \u2022 z\u00e1v\u011bsy<br \/>sac\u00ed a v\u00fdfukov\u00e9 hlavice \u2022 filtry \u2022 izolace <br \/>potrub\u00ed \u2022 spiro tvarovky \u2022 z\u00e1vitov\u00e9 ty\u010de <br \/>\u0161rouby \u2022 klapky \u2022 kan\u00e1ly<br \/>st\u0159e\u0161n\u00ed podstavce \u2022 rekupera\u010dn\u00ed jednotky \u2022 obd\u00e9ln\u00edkov\u00e9 tvarovky \u2022 obj\u00edmky \u2022 p\u00e1sky\u00a0<\/h4>\n<p>\n<\/div><\/div><\/div><\/div><div data-bb-version=\"4.5.9\"  class=\"bt_bb_column col-xxl-6 col-xl-6 col-xs-12 col-sm-6 col-md-6 col-lg-6 bt_bb_vertical_align_top bt_bb_align_left bt_bb_padding_normal\" style=\"; --column-width:6;\" data-width=\"6\" data-bt-override-class=\"{}\"><div class=\"bt_bb_column_content\"><div class=\"bt_bb_column_content_inner\"><div data-bb-version=\"4.5.9\" class=\"bt_bb_image bt_bb_shape_square bt_bb_target_self bt_bb_align_inherit bt_bb_hover_style_zoom-in bt_bb_content_display_always bt_bb_content_align_middle bt_bb_inner_padding_15\" data-bt-override-class=\"{&quot;bt_bb_align_&quot;:{&quot;current_class&quot;:&quot;bt_bb_align_inherit&quot;,&quot;def&quot;:&quot;inherit&quot;}}\"><span><img loading=\"lazy\" decoding=\"async\" width=\"2560\" height=\"2084\" src=\"https:\/\/sgklima.pl\/wp-content\/uploads\/2023\/06\/img_0607-scaled.jpg\" class=\"attachment-full size-full\" alt=\"https:\/\/sgklima.pl\/wp-content\/uploads\/2023\/06\/img_0607-scaled.jpg\" data-full_image_src=\"https:\/\/sgklima.pl\/wp-content\/uploads\/2023\/06\/img_0607-scaled.jpg\" title=\"img_0607.jpg\" srcset=\"https:\/\/sgklima.pl\/wp-content\/uploads\/2023\/06\/img_0607-scaled.jpg 2560w, https:\/\/sgklima.pl\/wp-content\/uploads\/2023\/06\/img_0607-640x521.jpg 640w, https:\/\/sgklima.pl\/wp-content\/uploads\/2023\/06\/img_0607-1280x1042.jpg 1280w, https:\/\/sgklima.pl\/wp-content\/uploads\/2023\/06\/img_0607-768x625.jpg 768w, https:\/\/sgklima.pl\/wp-content\/uploads\/2023\/06\/img_0607-1536x1251.jpg 1536w, https:\/\/sgklima.pl\/wp-content\/uploads\/2023\/06\/img_0607-2048x1668.jpg 2048w, https:\/\/sgklima.pl\/wp-content\/uploads\/2023\/06\/img_0607-320x261.jpg 320w\" sizes=\"auto, (max-width: 2560px) 100vw, 2560px\" \/><\/span><\/div><\/div><\/div><\/div><\/div><\/div><\/div><!-- cell_inner --><\/div><!-- cell --><\/div><!-- port --><\/section><\/p>","protected":false},"excerpt":{"rendered":"","protected":false},"author":3,"featured_media":0,"parent":0,"menu_order":0,"comment_status":"closed","ping_status":"closed","template":"","meta":{"footnotes":""},"class_list":["post-5556","page","type-page","status-publish","hentry"],"_links":{"self":[{"href":"https:\/\/sgklima.pl\/cs\/wp-json\/wp\/v2\/pages\/5556","targetHints":{"allow":["GET"]}}],"collection":[{"href":"https:\/\/sgklima.pl\/cs\/wp-json\/wp\/v2\/pages"}],"about":[{"href":"https:\/\/sgklima.pl\/cs\/wp-json\/wp\/v2\/types\/page"}],"author":[{"embeddable":true,"href":"https:\/\/sgklima.pl\/cs\/wp-json\/wp\/v2\/users\/3"}],"replies":[{"embeddable":true,"href":"https:\/\/sgklima.pl\/cs\/wp-json\/wp\/v2\/comments?post=5556"}],"version-history":[{"count":37,"href":"https:\/\/sgklima.pl\/cs\/wp-json\/wp\/v2\/pages\/5556\/revisions"}],"predecessor-version":[{"id":6448,"href":"https:\/\/sgklima.pl\/cs\/wp-json\/wp\/v2\/pages\/5556\/revisions\/6448"}],"wp:attachment":[{"href":"https:\/\/sgklima.pl\/cs\/wp-json\/wp\/v2\/media?parent=5556"}],"curies":[{"name":"wp","href":"https:\/\/api.w.org\/{rel}","templated":true}]}}