{"id":5076,"date":"2023-06-28T14:05:41","date_gmt":"2023-06-28T12:05:41","guid":{"rendered":"http:\/\/nowa.sgklima.pl\/?page_id=5076"},"modified":"2023-07-27T10:05:20","modified_gmt":"2023-07-27T08:05:20","slug":"klimatyzacja-do-biura","status":"publish","type":"page","link":"https:\/\/sgklima.pl\/cs\/klimatyzacja-do-biura\/","title":{"rendered":"Klimatizace do kancel\u00e1\u0159e"},"content":{"rendered":"<p><section data-bb-version=\"4.5.9\" id=\"bt_bb_section69f9f93ed122b\" class=\"bt_bb_section bt_bb_layout_boxed_1200 bt_bb_vertical_align_top bt_bb_top_spacing_50 bt_bb_bottom_spacing_50\"  data-bt-override-class=\"{&quot;bt_bb_top_spacing_&quot;:{&quot;current_class&quot;:&quot;bt_bb_top_spacing_50&quot;,&quot;def&quot;:&quot;50&quot;},&quot;bt_bb_bottom_spacing_&quot;:{&quot;current_class&quot;:&quot;bt_bb_bottom_spacing_50&quot;,&quot;def&quot;:&quot;50&quot;}}\"><div class=\"bt_bb_port\"><div class=\"bt_bb_cell\"><div class=\"bt_bb_cell_inner\"><div data-bb-version=\"4.5.8\" class=\"bt_bb_row\"  data-bt-override-class=\"{}\"><div class=\"bt_bb_row_holder\" ><div data-bb-version=\"4.5.8\"  class=\"bt_bb_column col-xxl-6 col-xl-6 col-xs-12 col-sm-6 col-md-6 col-lg-6 bt_bb_vertical_align_top bt_bb_align_left bt_bb_padding_normal bt_bb_animation_fade_in animate\" style=\"; --column-width:6;\" data-width=\"6\" data-bt-override-class=\"{&quot;bt_bb_align_&quot;:{&quot;current_class&quot;:&quot;bt_bb_align_left&quot;,&quot;def&quot;:&quot;left&quot;},&quot;bt_bb_padding_&quot;:{&quot;current_class&quot;:&quot;bt_bb_padding_normal&quot;,&quot;def&quot;:&quot;normal&quot;}}\"><div class=\"bt_bb_column_content\"><div class=\"bt_bb_column_content_inner\"><header data-bb-version=\"4.5.9\" class=\"bt_bb_headline bt_bb_dash_none bt_bb_size_inherit bt_bb_align_inherit\" style=\";color:rgb(10,10,10);border-color:rgb(10,10,10);\" data-bt-override-class=\"{&quot;bt_bb_size_&quot;:{&quot;current_class&quot;:&quot;bt_bb_size_inherit&quot;,&quot;def&quot;:&quot;inherit&quot;},&quot;bt_bb_align_&quot;:{&quot;current_class&quot;:&quot;bt_bb_align_inherit&quot;,&quot;def&quot;:&quot;inherit&quot;}}\"><h1><span class=\"bt_bb_headline_content\"><span >V\u00fdhody klimatizace v kancel\u00e1\u0159i<\/span><\/span><\/h1><\/header><div data-bb-version=\"4.5.8\" class=\"bt_bb_separator bt_bb_border_style_none bt_bb_top_spacing_30 bt_bb_bottom_spacing_none\" data-bt-override-class=\"{&quot;bt_bb_top_spacing_&quot;:{&quot;current_class&quot;:&quot;bt_bb_top_spacing_30&quot;,&quot;def&quot;:&quot;30&quot;},&quot;bt_bb_bottom_spacing_&quot;:{&quot;current_class&quot;:&quot;bt_bb_bottom_spacing_none&quot;,&quot;def&quot;:&quot;none&quot;}}\"><\/div><div data-bb-version=\"4.5.8\"  class=\"bt_bb_text\" ><\/p>\n<p><strong>Tepeln\u00fd komfort<\/strong>: Vysok\u00e1 teplota v kancel\u00e1\u0159i m\u016f\u017ee v\u00e9st k pocitu \u00fanavy, sn\u00ed\u017een\u00e9 koncentraci a obt\u00ed\u017e\u00edm s udr\u017een\u00edm vysok\u00e9 produktivity. Klimatizace umo\u017e\u0148uje udr\u017eovat optim\u00e1ln\u00ed teplotu a zaji\u0161\u0165uje p\u0159\u00edjemn\u00e9 pracovn\u00ed podm\u00ednky pro zam\u011bstnance.<\/p>\n<p><strong>Regulace vlhkosti<\/strong>: Klimatizace nekontroluje pouze teplotu, ale pom\u00e1h\u00e1 tak\u00e9 udr\u017eovat spr\u00e1vnou \u00farove\u0148 vlhkosti. Nadm\u011brn\u00e1 vlhkost vzduchu m\u016f\u017ee zp\u016fsobovat diskomfort, vznik pl\u00edsn\u00ed a d\u00fdchac\u00ed pot\u00ed\u017ee. Kvalitn\u00ed klimatizace t\u011bmto probl\u00e9m\u016fm p\u0159edch\u00e1z\u00ed t\u00edm, \u017ee udr\u017euje optim\u00e1ln\u00ed vlhkost.<\/p>\n<p><strong>\u010cist\u00fd vzduch<\/strong>: Spr\u00e1vn\u011b funguj\u00edc\u00ed klimatiza\u010dn\u00ed syst\u00e9m vybaven\u00fd vhodn\u00fdmi filtry dok\u00e1\u017ee \u00fa\u010dinn\u011b odstra\u0148ovat ne\u010distoty, jako je prach, pyl, alergeny a mikroorganismy. To je obzvl\u00e1\u0161t\u011b d\u016fle\u017eit\u00e9 pro osoby trp\u00edc\u00ed alergiemi nebo astmatem, kter\u00e9 jsou citliv\u00e9 na zne\u010di\u0161t\u011bn\u00ed ovzdu\u0161\u00ed.<\/p>\n<p><strong>Sn\u00ed\u017een\u00ed hluku<\/strong>: Modern\u00ed klimatiza\u010dn\u00ed syst\u00e9my jsou navr\u017eeny tak, aby pracovaly ti\u0161e a neru\u0161ily pracovn\u00ed prost\u0159ed\u00ed. Omezuj\u00ed hluk zven\u010d\u00ed a z\u00e1rove\u0148 zaji\u0161\u0165uj\u00ed rovnom\u011brn\u00e9 rozlo\u017een\u00ed chlazen\u00ed v m\u00edstnosti.<\/p>\n<p><strong>Zv\u00fd\u0161en\u00ed produktivity<\/strong>: Komfortn\u00ed pracovn\u00ed podm\u00ednky, kter\u00e9 klimatizace poskytuje, se p\u0159\u00edmo prom\u00edtaj\u00ed do vy\u0161\u0161\u00ed produktivity zam\u011bstnanc\u016f. Pokud se zam\u011bstnanci c\u00edt\u00ed pohodln\u011b, mohou se l\u00e9pe soust\u0159edit na sv\u00e9 \u00fakoly a pracovat efektivn\u011bji.<\/p>\n<p>\n<\/div><\/div><\/div><\/div><div data-bb-version=\"4.5.8\"  class=\"bt_bb_column col-xxl-6 col-xl-6 col-xs-12 col-sm-6 col-md-6 col-lg-6 bt_bb_vertical_align_top bt_bb_align_left bt_bb_padding_normal bt_bb_animation_fade_in animate\" style=\"; --column-width:6;\" data-width=\"6\" data-bt-override-class=\"{&quot;bt_bb_align_&quot;:{&quot;current_class&quot;:&quot;bt_bb_align_left&quot;,&quot;def&quot;:&quot;left&quot;},&quot;bt_bb_padding_&quot;:{&quot;current_class&quot;:&quot;bt_bb_padding_normal&quot;,&quot;def&quot;:&quot;normal&quot;}}\"><div class=\"bt_bb_column_content\"><div class=\"bt_bb_column_content_inner\"><div data-bb-version=\"4.5.9\" class=\"bt_bb_image bt_bb_shape_square bt_bb_target_self bt_bb_align_inherit bt_bb_hover_style_zoom-in bt_bb_content_display_always bt_bb_content_align_middle bt_bb_inner_padding_15\" data-bt-override-class=\"{&quot;bt_bb_align_&quot;:{&quot;current_class&quot;:&quot;bt_bb_align_inherit&quot;,&quot;def&quot;:&quot;inherit&quot;}}\"><span><img loading=\"lazy\" decoding=\"async\" width=\"761\" height=\"1100\" src=\"https:\/\/sgklima.pl\/wp-content\/uploads\/2023\/07\/klimatyzacjadobiura.png\" class=\"attachment-full size-full\" alt=\"https:\/\/sgklima.pl\/wp-content\/uploads\/2023\/07\/klimatyzacjadobiura.png\" data-full_image_src=\"https:\/\/sgklima.pl\/wp-content\/uploads\/2023\/07\/klimatyzacjadobiura.png\" title=\"klimatyzacjadobiura\" srcset=\"https:\/\/sgklima.pl\/wp-content\/uploads\/2023\/07\/klimatyzacjadobiura.png 761w, https:\/\/sgklima.pl\/wp-content\/uploads\/2023\/07\/klimatyzacjadobiura-640x925.png 640w, https:\/\/sgklima.pl\/wp-content\/uploads\/2023\/07\/klimatyzacjadobiura-320x463.png 320w\" sizes=\"auto, (max-width: 761px) 100vw, 761px\" \/><\/span><\/div><\/div><\/div><\/div><\/div><\/div><div class=\"bt_bb_row\"  data-bt-override-class=\"{}\"><div class=\"bt_bb_row_holder\" ><div data-bb-version=\"4.5.8\"  class=\"bt_bb_column col-xxl-12 col-xl-12 col-xs-12 col-sm-12 col-md-12 col-lg-12 bt_bb_vertical_align_top bt_bb_align_left bt_bb_padding_normal\" style=\"; --column-width:12;\" data-width=\"12\" data-bt-override-class=\"{}\"><div class=\"bt_bb_column_content\"><div class=\"bt_bb_column_content_inner\"><div data-bb-version=\"4.5.9\" class=\"bt_bb_separator bt_bb_border_style_none bt_bb_top_spacing_none bt_bb_bottom_spacing_none\" data-bt-override-class=\"{&quot;bt_bb_top_spacing_&quot;:{&quot;current_class&quot;:&quot;bt_bb_top_spacing_none&quot;,&quot;def&quot;:&quot;none&quot;},&quot;bt_bb_bottom_spacing_&quot;:{&quot;current_class&quot;:&quot;bt_bb_bottom_spacing_none&quot;,&quot;def&quot;:&quot;none&quot;}}\"><\/div><\/div><\/div><\/div><\/div><\/div><\/div><!-- cell_inner --><\/div><!-- cell --><\/div><!-- port --><\/section><section data-bb-version=\"4.5.9\" id=\"bt_bb_section69f9f93ed2343\" class=\"bt_bb_section bt_bb_layout_boxed_1200 bt_bb_vertical_align_top bt_bb_top_spacing_50 bt_bb_bottom_spacing_50 bt_bb_animation_fade_in animate\" style=\";background-color:rgb(237,237,237);\" data-bt-override-class=\"{&quot;bt_bb_top_spacing_&quot;:{&quot;current_class&quot;:&quot;bt_bb_top_spacing_50&quot;,&quot;def&quot;:&quot;50&quot;},&quot;bt_bb_bottom_spacing_&quot;:{&quot;current_class&quot;:&quot;bt_bb_bottom_spacing_50&quot;,&quot;def&quot;:&quot;50&quot;}}\"><div class=\"bt_bb_port\"><div class=\"bt_bb_cell\"><div class=\"bt_bb_cell_inner\"><div class=\"bt_bb_row\"  data-bt-override-class=\"{}\"><div class=\"bt_bb_row_holder\" ><div data-bb-version=\"4.5.9\"  class=\"bt_bb_column col-xxl-12 col-xl-12 col-xs-12 col-sm-12 col-md-12 col-lg-12 bt_bb_vertical_align_top bt_bb_align_left bt_bb_padding_normal\" style=\"; --column-width:12;\" data-width=\"12\" data-bt-override-class=\"{}\"><div class=\"bt_bb_column_content\"><div class=\"bt_bb_column_content_inner\"><header data-bb-version=\"4.5.9\" class=\"bt_bb_headline bt_bb_dash_none bt_bb_size_inherit bt_bb_align_left\" style=\";font-family:&#039;Montserrat&#039;;color:rgb(10,10,10);border-color:rgb(10,10,10);\" data-bt-override-class=\"{&quot;bt_bb_size_&quot;:{&quot;current_class&quot;:&quot;bt_bb_size_inherit&quot;,&quot;def&quot;:&quot;inherit&quot;},&quot;bt_bb_align_&quot;:{&quot;current_class&quot;:&quot;bt_bb_align_left&quot;,&quot;def&quot;:&quot;left&quot;}}\"><h1 style=\";font-family:'Montserrat'\"><span class=\"bt_bb_headline_content\"><span >V\u00fdb\u011br vhodn\u00e9ho klimatiza\u010dn\u00edho syst\u00e9mu<\/span><\/span><\/h1><\/header><div data-bb-version=\"4.5.9\" class=\"bt_bb_separator bt_bb_border_style_none bt_bb_top_spacing_50 bt_bb_bottom_spacing_none\" data-bt-override-class=\"{&quot;bt_bb_top_spacing_&quot;:{&quot;current_class&quot;:&quot;bt_bb_top_spacing_50&quot;,&quot;def&quot;:&quot;50&quot;},&quot;bt_bb_bottom_spacing_&quot;:{&quot;current_class&quot;:&quot;bt_bb_bottom_spacing_none&quot;,&quot;def&quot;:&quot;none&quot;}}\"><\/div><\/div><\/div><\/div><\/div><\/div><div data-bb-version=\"4.5.9\" class=\"bt_bb_row\"  data-bt-override-class=\"{}\"><div class=\"bt_bb_row_holder\" ><div data-bb-version=\"4.5.9\"  class=\"bt_bb_column col-xxl-6 col-xl-6 col-xs-12 col-sm-6 col-md-6 col-lg-6 bt_bb_vertical_align_top bt_bb_align_left bt_bb_padding_normal\" style=\"; --column-width:6;\" data-width=\"6\" data-bt-override-class=\"{}\"><div class=\"bt_bb_column_content\"><div class=\"bt_bb_column_content_inner\"><div data-bb-version=\"4.5.9\" class=\"bt_bb_service bt_bb_color_scheme_3 bt_bb_style_borderless bt_bb_size_xlarge bt_bb_shape_circle bt_bb_align_inherit bt_bb_title_size_extralarge\" style=\"; --service-primary-color:#155d8d; --service-secondary-color:#252525;\" data-bt-override-class=\"{&quot;bt_bb_size_&quot;:{&quot;current_class&quot;:&quot;bt_bb_size_xlarge&quot;,&quot;def&quot;:&quot;xlarge&quot;},&quot;bt_bb_align_&quot;:{&quot;current_class&quot;:&quot;bt_bb_align_inherit&quot;,&quot;def&quot;:&quot;inherit&quot;}}\"><span  data-ico-fontawesome5solid=\"&#xf0b2;\" class=\"bt_bb_icon_holder\"><\/span><div class=\"bt_bb_service_content\"><div class=\"bt_bb_service_content_title\">Velikost a uspo\u0159\u00e1d\u00e1n\u00ed kancel\u00e1\u0159e<\/div><div class=\"bt_bb_service_content_text\">Je d\u016fle\u017eit\u00e9 zvolit odpov\u00eddaj\u00edc\u00ed v\u00fdkon klimatizace podle velikosti prostoru a zohlednit tak\u00e9 dispozi\u010dn\u00ed \u0159e\u0161en\u00ed m\u00edstnost\u00ed, aby bylo zaji\u0161t\u011bno rovnom\u011brn\u00e9 rozlo\u017een\u00ed chlazen\u00ed.<\/div><\/div><\/div><div data-bb-version=\"4.5.9\" class=\"bt_bb_separator bt_bb_border_style_none bt_bb_top_spacing_20 bt_bb_bottom_spacing_none\" data-bt-override-class=\"{&quot;bt_bb_top_spacing_&quot;:{&quot;current_class&quot;:&quot;bt_bb_top_spacing_20&quot;,&quot;def&quot;:&quot;20&quot;},&quot;bt_bb_bottom_spacing_&quot;:{&quot;current_class&quot;:&quot;bt_bb_bottom_spacing_none&quot;,&quot;def&quot;:&quot;none&quot;}}\"><\/div><div data-bb-version=\"4.5.9\" class=\"bt_bb_service bt_bb_color_scheme_3 bt_bb_style_borderless bt_bb_size_xlarge bt_bb_shape_circle bt_bb_align_inherit bt_bb_title_size_extralarge\" style=\"; --service-primary-color:#155d8d; --service-secondary-color:#252525;\" data-bt-override-class=\"{&quot;bt_bb_size_&quot;:{&quot;current_class&quot;:&quot;bt_bb_size_xlarge&quot;,&quot;def&quot;:&quot;xlarge&quot;},&quot;bt_bb_align_&quot;:{&quot;current_class&quot;:&quot;bt_bb_align_inherit&quot;,&quot;def&quot;:&quot;inherit&quot;}}\"><span  data-ico-essential=\"&#xea39;\" class=\"bt_bb_icon_holder\"><\/span><div class=\"bt_bb_service_content\"><div class=\"bt_bb_service_content_title\">Energetick\u00e1 \u00fa\u010dinnost<\/div><div class=\"bt_bb_service_content_text\">Wybieraj\u0105c system klimatyzacji, warto zwr\u00f3ci\u0107 uwag\u0119 na efektywno\u015b\u0107 energetyczn\u0105. Urz\u0105dzenia oznaczone jako ``Energy Star`` s\u0105 bardziej energooszcz\u0119dne i mog\u0105 przyczyni\u0107 si\u0119 do obni\u017cenia koszt\u00f3w eksploatacji.<\/p><br \/>\n<p><\/div><\/div><\/div><\/div><\/div><\/div><div data-bb-version=\"4.5.9\"  class=\"bt_bb_column col-xxl-6 col-xl-6 col-xs-12 col-sm-6 col-md-6 col-lg-6 bt_bb_vertical_align_top bt_bb_align_left bt_bb_padding_normal\" style=\"; --column-width:6;\" data-width=\"6\" data-bt-override-class=\"{}\"><div class=\"bt_bb_column_content\"><div class=\"bt_bb_column_content_inner\"><div data-bb-version=\"4.5.9\" class=\"bt_bb_service bt_bb_color_scheme_3 bt_bb_style_borderless bt_bb_size_xlarge bt_bb_shape_circle bt_bb_align_inherit bt_bb_title_size_extralarge\" style=\"; --service-primary-color:#155d8d; --service-secondary-color:#252525;\" data-bt-override-class=\"{&quot;bt_bb_size_&quot;:{&quot;current_class&quot;:&quot;bt_bb_size_xlarge&quot;,&quot;def&quot;:&quot;xlarge&quot;},&quot;bt_bb_align_&quot;:{&quot;current_class&quot;:&quot;bt_bb_align_inherit&quot;,&quot;def&quot;:&quot;inherit&quot;}}\"><span  data-ico-ac=\"&#xf12c;\" class=\"bt_bb_icon_holder\"><\/span><div class=\"bt_bb_service_content\"><div class=\"bt_bb_service_content_title\">Typ syst\u00e9mu<\/div><div class=\"bt_bb_service_content_text\">Existuje mnoho typ\u016f klimatizac\u00ed, nap\u0159\u00edklad split syst\u00e9my, multisplit syst\u00e9my, centr\u00e1ln\u00ed klimatiza\u010dn\u00ed syst\u00e9my nebo p\u0159enosn\u00e9 klimatizace. Volba z\u00e1vis\u00ed na individu\u00e1ln\u00edch pot\u0159eb\u00e1ch kancel\u00e1\u0159e, rozpo\u010dtu a preferenc\u00edch.<\/div><\/div><\/div><div data-bb-version=\"4.5.9\" class=\"bt_bb_separator bt_bb_border_style_none bt_bb_top_spacing_20 bt_bb_bottom_spacing_none\" data-bt-override-class=\"{&quot;bt_bb_top_spacing_&quot;:{&quot;current_class&quot;:&quot;bt_bb_top_spacing_20&quot;,&quot;def&quot;:&quot;20&quot;},&quot;bt_bb_bottom_spacing_&quot;:{&quot;current_class&quot;:&quot;bt_bb_bottom_spacing_none&quot;,&quot;def&quot;:&quot;none&quot;}}\"><\/div><div data-bb-version=\"4.5.9\" class=\"bt_bb_service bt_bb_color_scheme_3 bt_bb_style_borderless bt_bb_size_xlarge bt_bb_shape_circle bt_bb_align_inherit bt_bb_title_size_extralarge\" style=\"; --service-primary-color:#155d8d; --service-secondary-color:#252525;\" data-bt-override-class=\"{&quot;bt_bb_size_&quot;:{&quot;current_class&quot;:&quot;bt_bb_size_xlarge&quot;,&quot;def&quot;:&quot;xlarge&quot;},&quot;bt_bb_align_&quot;:{&quot;current_class&quot;:&quot;bt_bb_align_inherit&quot;,&quot;def&quot;:&quot;inherit&quot;}}\"><span  data-ico-ac=\"&#xf110;\" class=\"bt_bb_icon_holder\"><\/span><div class=\"bt_bb_service_content\"><div class=\"bt_bb_service_content_title\">Servis a \u00fadr\u017eba<\/div><div class=\"bt_bb_service_content_text\">Pravideln\u00e1 \u00fadr\u017eba a servis klimatiza\u010dn\u00edho syst\u00e9mu jsou kl\u00ed\u010dov\u00e9 pro jeho spr\u00e1vnou funkci a dlouhou \u017eivotnost. Ujist\u011bte se, \u017ee jsou k dispozici m\u00edstn\u00ed servisn\u00ed slu\u017eby a n\u00e1hradn\u00ed d\u00edly.<\/div><\/div><\/div><\/div><\/div><\/div><\/div><\/div><\/div><!-- cell_inner --><\/div><!-- cell --><\/div><!-- port --><\/section><\/p>","protected":false},"excerpt":{"rendered":"","protected":false},"author":3,"featured_media":0,"parent":0,"menu_order":0,"comment_status":"closed","ping_status":"closed","template":"","meta":{"footnotes":""},"class_list":["post-5076","page","type-page","status-publish","hentry"],"_links":{"self":[{"href":"https:\/\/sgklima.pl\/cs\/wp-json\/wp\/v2\/pages\/5076","targetHints":{"allow":["GET"]}}],"collection":[{"href":"https:\/\/sgklima.pl\/cs\/wp-json\/wp\/v2\/pages"}],"about":[{"href":"https:\/\/sgklima.pl\/cs\/wp-json\/wp\/v2\/types\/page"}],"author":[{"embeddable":true,"href":"https:\/\/sgklima.pl\/cs\/wp-json\/wp\/v2\/users\/3"}],"replies":[{"embeddable":true,"href":"https:\/\/sgklima.pl\/cs\/wp-json\/wp\/v2\/comments?post=5076"}],"version-history":[{"count":57,"href":"https:\/\/sgklima.pl\/cs\/wp-json\/wp\/v2\/pages\/5076\/revisions"}],"predecessor-version":[{"id":6398,"href":"https:\/\/sgklima.pl\/cs\/wp-json\/wp\/v2\/pages\/5076\/revisions\/6398"}],"wp:attachment":[{"href":"https:\/\/sgklima.pl\/cs\/wp-json\/wp\/v2\/media?parent=5076"}],"curies":[{"name":"wp","href":"https:\/\/api.w.org\/{rel}","templated":true}]}}