{"id":4758,"date":"2023-06-20T19:11:12","date_gmt":"2023-06-20T17:11:12","guid":{"rendered":"http:\/\/nowa.sgklima.pl\/?page_id=4758"},"modified":"2025-06-27T12:28:31","modified_gmt":"2025-06-27T10:28:31","slug":"produkcja-kanalow-wentylacyjnych","status":"publish","type":"page","link":"https:\/\/sgklima.pl\/cs\/produkcja-kanalow-wentylacyjnych\/","title":{"rendered":"V\u00fdroba vzduchotechnick\u00fdch potrub\u00ed"},"content":{"rendered":"<p><section data-bb-version=\"5.4.0\" id=\"bt_bb_section69f9f929106a4\" class=\"bt_bb_section bt_bb_layout_boxed_1200 bt_bb_vertical_align_top bt_bb_top_spacing_50 bt_bb_bottom_spacing_none bt_bb_animation_fade_in animate\"  data-bt-override-class=\"{&quot;bt_bb_top_spacing_&quot;:{&quot;current_class&quot;:&quot;bt_bb_top_spacing_50&quot;,&quot;def&quot;:&quot;50&quot;},&quot;bt_bb_bottom_spacing_&quot;:{&quot;current_class&quot;:&quot;bt_bb_bottom_spacing_none&quot;,&quot;def&quot;:&quot;none&quot;},&quot;bt_bb_animation_&quot;:{&quot;current_class&quot;:&quot;bt_bb_animation_fade_in animate&quot;,&quot;def&quot;:&quot;fade_in animate&quot;}}\"><div class=\"bt_bb_port\"><div class=\"bt_bb_cell\"><div class=\"bt_bb_cell_inner\"><div class=\"bt_bb_row\"  data-bt-override-class=\"{}\"><div class=\"bt_bb_row_holder\" ><div data-bb-version=\"4.5.9\"  class=\"bt_bb_column col-xxl-12 col-xl-12 col-xs-12 col-sm-12 col-md-12 col-lg-12 bt_bb_vertical_align_top bt_bb_align_left bt_bb_padding_normal\" style=\"; --column-width:12;\" data-width=\"12\" data-bt-override-class=\"{}\"><div class=\"bt_bb_column_content\"><div class=\"bt_bb_column_content_inner\"><div data-bb-version=\"4.5.9\"  class=\"bt_bb_text\" ><\/p>\n<h6 style=\"text-align: left;\">Nab\u00edz\u00edme velmi \u0161irok\u00fd rozsah ventila\u010dn\u00edch slu\u017eeb. Nezab\u00fdv\u00e1me se pouze p\u0159izp\u016fsoben\u00edm a mont\u00e1\u017e\u00ed \u0159e\u0161en\u00ed v objektech na\u0161ich z\u00e1kazn\u00edk\u016f, ale tak\u00e9 v\u00fdrobou r\u016fzn\u00fdch typ\u016f vzduchotechnick\u00fdch potrub\u00ed. Na\u0161i pracovn\u00edci jsou schopni v kr\u00e1tk\u00e9m \u010dase p\u0159ipravit i ty nejslo\u017eit\u011bj\u0161\u00ed syst\u00e9my. Pracujeme s ov\u011b\u0159en\u00fdmi a kvalitn\u00edmi materi\u00e1ly a v na\u0161\u00ed nab\u00eddce naleznete des\u00edtky r\u016fzn\u00fdch polo\u017eek.<\/h6>\n<p>\n<\/div><\/div><\/div><\/div><\/div><\/div><\/div><!-- cell_inner --><\/div><!-- cell --><\/div><!-- port --><\/section><section data-bb-version=\"5.4.0\" id=\"bt_bb_section69f9f92910b07\" class=\"bt_bb_section bt_bb_layout_boxed_1200 bt_bb_vertical_align_top bt_bb_top_spacing_25 bt_bb_bottom_spacing_25 bt_bb_animation_fade_in animate\"  data-bt-override-class=\"{&quot;bt_bb_top_spacing_&quot;:{&quot;current_class&quot;:&quot;bt_bb_top_spacing_25&quot;,&quot;def&quot;:&quot;25&quot;},&quot;bt_bb_bottom_spacing_&quot;:{&quot;current_class&quot;:&quot;bt_bb_bottom_spacing_25&quot;,&quot;def&quot;:&quot;25&quot;},&quot;bt_bb_animation_&quot;:{&quot;current_class&quot;:&quot;bt_bb_animation_fade_in animate&quot;,&quot;def&quot;:&quot;fade_in animate&quot;}}\"><div class=\"bt_bb_port\"><div class=\"bt_bb_cell\"><div class=\"bt_bb_cell_inner\"><div data-bb-version=\"5.4.0\" class=\"bt_bb_row\" style=\"background-color:rgb(21,93,141);\" data-bt-override-class=\"{}\"><div class=\"bt_bb_row_holder\" ><div data-bb-version=\"4.5.9\"  class=\"bt_bb_column col-xxl-12 col-xl-12 col-xs-12 col-sm-12 col-md-12 col-lg-12 bt_bb_vertical_align_top bt_bb_align_left bt_bb_padding_normal\" style=\"; --column-width:12;\" data-width=\"12\" data-bt-override-class=\"{}\"><div class=\"bt_bb_column_content\"><div class=\"bt_bb_column_content_inner\"><div data-bb-version=\"5.4.0\" class=\"bt_bb_separator bt_bb_border_style_none bt_bb_top_spacing_10 bt_bb_bottom_spacing_none\" data-bt-override-class=\"{&quot;bt_bb_top_spacing_&quot;:{&quot;current_class&quot;:&quot;bt_bb_top_spacing_10&quot;,&quot;def&quot;:&quot;10&quot;},&quot;bt_bb_bottom_spacing_&quot;:{&quot;current_class&quot;:&quot;bt_bb_bottom_spacing_none&quot;,&quot;def&quot;:&quot;none&quot;}}\"><\/div><header data-bb-version=\"5.4.0\" class=\"bt_bb_headline bt_bb_subheadline_font_weight_normal bt_bb_dash_none bt_bb_size_inherit bt_bb_align_center\" style=\";font-family:&#039;Montserrat&#039;;color:rgb(255,255,255);border-color:rgb(255,255,255);\" data-bt-override-class=\"{&quot;bt_bb_size_&quot;:{&quot;current_class&quot;:&quot;bt_bb_size_inherit&quot;,&quot;def&quot;:&quot;inherit&quot;},&quot;bt_bb_align_&quot;:{&quot;current_class&quot;:&quot;bt_bb_align_center&quot;,&quot;def&quot;:&quot;center&quot;}}\"><h1 style=\";font-family:'Montserrat'\"><span class=\"bt_bb_headline_content\"><span >Na\u0161e firma vyr\u00e1b\u00ed<\/span><\/span><\/h1><\/header><div data-bb-version=\"5.4.0\" class=\"bt_bb_separator bt_bb_border_style_none bt_bb_top_spacing_10 bt_bb_bottom_spacing_none\" data-bt-override-class=\"{&quot;bt_bb_top_spacing_&quot;:{&quot;current_class&quot;:&quot;bt_bb_top_spacing_10&quot;,&quot;def&quot;:&quot;10&quot;},&quot;bt_bb_bottom_spacing_&quot;:{&quot;current_class&quot;:&quot;bt_bb_bottom_spacing_none&quot;,&quot;def&quot;:&quot;none&quot;}}\"><\/div><\/div><\/div><\/div><\/div><\/div><div data-bb-version=\"4.5.9\" class=\"bt_bb_row\"  data-bt-override-class=\"{}\"><div class=\"bt_bb_row_holder\" ><div data-bb-version=\"4.5.9\"  class=\"bt_bb_column col-xxl-6 col-xl-6 col-xs-12 col-sm-6 col-md-6 col-lg-6 bt_bb_vertical_align_top bt_bb_align_left bt_bb_padding_normal\" style=\"; --column-width:6;\" data-width=\"6\" data-bt-override-class=\"{}\"><div class=\"bt_bb_column_content\"><div class=\"bt_bb_column_content_inner\"><div data-bb-version=\"5.4.0\" class=\"bt_bb_separator bt_bb_border_style_none bt_bb_top_spacing_30 bt_bb_bottom_spacing_none\" data-bt-override-class=\"{&quot;bt_bb_top_spacing_&quot;:{&quot;current_class&quot;:&quot;bt_bb_top_spacing_30&quot;,&quot;def&quot;:&quot;30&quot;},&quot;bt_bb_bottom_spacing_&quot;:{&quot;current_class&quot;:&quot;bt_bb_bottom_spacing_none&quot;,&quot;def&quot;:&quot;none&quot;}}\"><\/div><div data-bb-version=\"4.5.9\"  class=\"bt_bb_text\" ><\/p>\n<h6><strong>Potrub\u00ed<br \/>\n<\/strong>obd\u00e9ln\u00edkov\u00e9 nebo \u0161ikm\u00e9 obd\u00e9ln\u00edkov\u00e9<\/h6>\n<h6><strong>Kolena<br \/>\n<\/strong>obd\u00e9ln\u00edkov\u00e1 nebo obd\u00e9ln\u00edkov\u00e1 s prom\u011bnn\u00fdm pr\u016f\u0159ezem<\/h6>\n<h6><strong>Oblouky<br \/>\n<\/strong>symetrick\u00e9 nebo asymetrick\u00e9<\/h6>\n<h6><strong>Redukce<br \/>\n<\/strong>obd\u00e9ln\u00edkov\u00e9 symetrick\u00e9 \/ asymetrick\u00e9, obd\u00e9ln\u00edk\u2013kruh symetrick\u00e9 \/ asymetrick\u00e9<\/h6>\n<h6><strong>Odsazen\u00ed<br \/>\n<\/strong>standardn\u00ed nebo s prom\u011bnn\u00fdm pr\u016f\u0159ezem<\/h6>\n<h6><strong>T-kusy<br \/>\n<\/strong>symetrick\u00e9 \/ asymetrick\u00e9, s obd\u00e9ln\u00edkov\u00fdmi \/ kruhov\u00fdmi \/ kombinovan\u00fdmi odbo\u010dkami, s obloukovou odbo\u010dkou, \u201eorl\u00ed\u201c, kalhotov\u00e9<\/h6>\n<h6><strong>K\u0159\u00ed\u017ee (\u010dty\u0159cestn\u00e9 kusy)<br \/>\n<\/strong>s obd\u00e9ln\u00edkov\u00fdmi \/ kruhov\u00fdmi \/ kombinovan\u00fdmi odbo\u010dkami<\/h6>\n<h6><\/h6>\n<p>\n<\/div><div data-bb-version=\"5.4.0\" class=\"bt_bb_separator bt_bb_border_style_none bt_bb_top_spacing_25 bt_bb_bottom_spacing_none\" data-bt-override-class=\"{&quot;bt_bb_top_spacing_&quot;:{&quot;current_class&quot;:&quot;bt_bb_top_spacing_25&quot;,&quot;def&quot;:&quot;25&quot;},&quot;bt_bb_bottom_spacing_&quot;:{&quot;current_class&quot;:&quot;bt_bb_bottom_spacing_none&quot;,&quot;def&quot;:&quot;none&quot;}}\"><\/div><div data-bb-version=\"4.5.9\" class=\"bt_bb_image bt_bb_shape_square bt_bb_target_self bt_bb_align_inherit bt_bb_hover_style_zoom-in bt_bb_content_display_always bt_bb_content_align_middle bt_bb_inner_padding_15\" data-bt-override-class=\"{&quot;bt_bb_align_&quot;:{&quot;current_class&quot;:&quot;bt_bb_align_inherit&quot;,&quot;def&quot;:&quot;inherit&quot;}}\"><span><img loading=\"lazy\" decoding=\"async\" width=\"1824\" height=\"1700\" src=\"https:\/\/sgklima.pl\/wp-content\/uploads\/2023\/07\/produkcja.png\" class=\"attachment-full size-full\" alt=\"https:\/\/sgklima.pl\/wp-content\/uploads\/2023\/07\/produkcja.png\" data-full_image_src=\"https:\/\/sgklima.pl\/wp-content\/uploads\/2023\/07\/produkcja.png\" title=\"produkcja\" srcset=\"https:\/\/sgklima.pl\/wp-content\/uploads\/2023\/07\/produkcja.png 1824w, https:\/\/sgklima.pl\/wp-content\/uploads\/2023\/07\/produkcja-640x596.png 640w, https:\/\/sgklima.pl\/wp-content\/uploads\/2023\/07\/produkcja-1280x1193.png 1280w, https:\/\/sgklima.pl\/wp-content\/uploads\/2023\/07\/produkcja-768x716.png 768w, https:\/\/sgklima.pl\/wp-content\/uploads\/2023\/07\/produkcja-1536x1432.png 1536w, https:\/\/sgklima.pl\/wp-content\/uploads\/2023\/07\/produkcja-320x298.png 320w\" sizes=\"auto, (max-width: 1824px) 100vw, 1824px\" \/><\/span><\/div><\/div><\/div><\/div><div data-bb-version=\"4.5.9\"  class=\"bt_bb_column col-xxl-6 col-xl-6 col-xs-12 col-sm-6 col-md-6 col-lg-6 bt_bb_vertical_align_top bt_bb_align_left bt_bb_padding_normal\" style=\"; --column-width:6;\" data-width=\"6\" data-bt-override-class=\"{}\"><div class=\"bt_bb_column_content\"><div class=\"bt_bb_column_content_inner\"><div data-bb-version=\"4.5.9\" class=\"bt_bb_separator bt_bb_border_style_none bt_bb_top_spacing_30 bt_bb_bottom_spacing_none\" data-bt-override-class=\"{&quot;bt_bb_top_spacing_&quot;:{&quot;current_class&quot;:&quot;bt_bb_top_spacing_30&quot;,&quot;def&quot;:&quot;30&quot;},&quot;bt_bb_bottom_spacing_&quot;:{&quot;current_class&quot;:&quot;bt_bb_bottom_spacing_none&quot;,&quot;def&quot;:&quot;none&quot;}}\"><\/div><div data-bb-version=\"4.5.9\" class=\"bt_bb_image bt_bb_shape_square bt_bb_target_self bt_bb_align_inherit bt_bb_hover_style_zoom-in bt_bb_content_display_always bt_bb_content_align_middle bt_bb_inner_padding_15\" data-bt-override-class=\"{&quot;bt_bb_align_&quot;:{&quot;current_class&quot;:&quot;bt_bb_align_inherit&quot;,&quot;def&quot;:&quot;inherit&quot;}}\"><span><img loading=\"lazy\" decoding=\"async\" width=\"1919\" height=\"2260\" src=\"https:\/\/sgklima.pl\/wp-content\/uploads\/2023\/07\/produkcja3.png\" class=\"attachment-full size-full\" alt=\"https:\/\/sgklima.pl\/wp-content\/uploads\/2023\/07\/produkcja3.png\" data-full_image_src=\"https:\/\/sgklima.pl\/wp-content\/uploads\/2023\/07\/produkcja3.png\" title=\"produkcja3\" srcset=\"https:\/\/sgklima.pl\/wp-content\/uploads\/2023\/07\/produkcja3.png 1919w, https:\/\/sgklima.pl\/wp-content\/uploads\/2023\/07\/produkcja3-640x754.png 640w, https:\/\/sgklima.pl\/wp-content\/uploads\/2023\/07\/produkcja3-1280x1507.png 1280w, https:\/\/sgklima.pl\/wp-content\/uploads\/2023\/07\/produkcja3-768x904.png 768w, https:\/\/sgklima.pl\/wp-content\/uploads\/2023\/07\/produkcja3-1304x1536.png 1304w, https:\/\/sgklima.pl\/wp-content\/uploads\/2023\/07\/produkcja3-1739x2048.png 1739w, https:\/\/sgklima.pl\/wp-content\/uploads\/2023\/07\/produkcja3-320x377.png 320w\" sizes=\"auto, (max-width: 1919px) 100vw, 1919px\" \/><\/span><\/div><div data-bb-version=\"5.4.0\" class=\"bt_bb_separator bt_bb_border_style_none bt_bb_top_spacing_40 bt_bb_bottom_spacing_none\" data-bt-override-class=\"{&quot;bt_bb_top_spacing_&quot;:{&quot;current_class&quot;:&quot;bt_bb_top_spacing_40&quot;,&quot;def&quot;:&quot;40&quot;},&quot;bt_bb_bottom_spacing_&quot;:{&quot;current_class&quot;:&quot;bt_bb_bottom_spacing_none&quot;,&quot;def&quot;:&quot;none&quot;}}\"><\/div><div data-bb-version=\"5.4.0\" class=\"bt_bb_separator bt_bb_border_style_none bt_bb_top_spacing_40 bt_bb_bottom_spacing_none\" data-bt-override-class=\"{&quot;bt_bb_top_spacing_&quot;:{&quot;current_class&quot;:&quot;bt_bb_top_spacing_40&quot;,&quot;def&quot;:&quot;40&quot;},&quot;bt_bb_bottom_spacing_&quot;:{&quot;current_class&quot;:&quot;bt_bb_bottom_spacing_none&quot;,&quot;def&quot;:&quot;none&quot;}}\"><\/div><div data-bb-version=\"4.5.9\"  class=\"bt_bb_text\" ><\/p>\n<h6><strong>Z\u00e1slepky<\/strong>\u3164<\/h6>\n<h6><strong>Sac\u00ed hlavice<\/strong>\u3164<\/h6>\n<h6><strong>V\u00fdfukov\u00e9 hlavice<\/strong>\u3164<\/h6>\n<h6><strong>Pru\u017en\u00e1 spojen\u00ed<\/strong>\u3164<\/h6>\n<h6><strong>Akustick\u00e9 tlumi\u010de<\/strong><\/h6>\n<h6><strong>Klapky jedno- \/ v\u00edcerovinn\u00e9<\/strong><\/h6>\n<h6><strong>P\u0159ipojovac\u00ed kusy<\/strong><\/h6>\n<h6><strong>Rozd\u011blovac\u00ed (expanzn\u00ed) boxy<\/strong><\/h6>\n<h6><strong>St\u0159e\u0161n\u00ed podstavce<\/strong><\/h6>\n<h6><strong>St\u0159e\u0161n\u00ed sac\u00ed \/ v\u00fdfukov\u00e9 hlavice<\/strong><\/h6>\n<p>\n<\/div><\/div><\/div><\/div><\/div><\/div><\/div><!-- cell_inner --><\/div><!-- cell --><\/div><!-- port --><\/section><section data-bb-version=\"5.4.0\" id=\"bt_bb_section69f9f92913a6f\" class=\"bt_bb_section bt_bb_layout_boxed_1200 bt_bb_bottom_spacing_10\" style=\";background-color:rgb(237,237,237);\" data-bt-override-class=\"{&quot;bt_bb_bottom_spacing_&quot;:{&quot;current_class&quot;:&quot;bt_bb_bottom_spacing_10&quot;,&quot;def&quot;:&quot;10&quot;}}\"><div class=\"bt_bb_port\"><div class=\"bt_bb_cell\"><div class=\"bt_bb_cell_inner\"><div class=\"bt_bb_row\"  data-bt-override-class=\"{}\"><div class=\"bt_bb_row_holder\" ><div data-bb-version=\"5.4.0\"  class=\"bt_bb_column col-xxl-12 col-xl-12 col-xs-12 col-sm-12 col-md-12 col-lg-12 bt_bb_vertical_align_top bt_bb_align_left bt_bb_padding_normal\" style=\"; --column-width:12;\" data-width=\"12\" data-bt-override-class=\"{}\"><div class=\"bt_bb_column_content\"><div class=\"bt_bb_column_content_inner\"><header data-bb-version=\"5.4.0\" class=\"bt_bb_headline bt_bb_subheadline_font_weight_medium bt_bb_dash_none bt_bb_subheadline bt_bb_size_normal bt_bb_align_center\" data-bt-override-class=\"{&quot;bt_bb_size_&quot;:{&quot;current_class&quot;:&quot;bt_bb_size_normal&quot;,&quot;def&quot;:&quot;normal&quot;},&quot;bt_bb_align_&quot;:{&quot;current_class&quot;:&quot;bt_bb_align_center&quot;,&quot;def&quot;:&quot;center&quot;}}\"><div class=\"bt_bb_headline_subheadline\" style=\"color: rgb(102,102,102);\">Vyr\u00e1b\u00edme tak\u00e9 prvky na zak\u00e1zku podle v\u00fdkresov\u00e9 dokumentace<\/div><\/header><\/div><\/div><\/div><\/div><\/div><\/div><!-- cell_inner --><\/div><!-- cell --><\/div><!-- port --><\/section><\/p>","protected":false},"excerpt":{"rendered":"","protected":false},"author":1,"featured_media":0,"parent":0,"menu_order":0,"comment_status":"closed","ping_status":"closed","template":"","meta":{"footnotes":""},"class_list":["post-4758","page","type-page","status-publish","hentry"],"_links":{"self":[{"href":"https:\/\/sgklima.pl\/cs\/wp-json\/wp\/v2\/pages\/4758","targetHints":{"allow":["GET"]}}],"collection":[{"href":"https:\/\/sgklima.pl\/cs\/wp-json\/wp\/v2\/pages"}],"about":[{"href":"https:\/\/sgklima.pl\/cs\/wp-json\/wp\/v2\/types\/page"}],"author":[{"embeddable":true,"href":"https:\/\/sgklima.pl\/cs\/wp-json\/wp\/v2\/users\/1"}],"replies":[{"embeddable":true,"href":"https:\/\/sgklima.pl\/cs\/wp-json\/wp\/v2\/comments?post=4758"}],"version-history":[{"count":73,"href":"https:\/\/sgklima.pl\/cs\/wp-json\/wp\/v2\/pages\/4758\/revisions"}],"predecessor-version":[{"id":6485,"href":"https:\/\/sgklima.pl\/cs\/wp-json\/wp\/v2\/pages\/4758\/revisions\/6485"}],"wp:attachment":[{"href":"https:\/\/sgklima.pl\/cs\/wp-json\/wp\/v2\/media?parent=4758"}],"curies":[{"name":"wp","href":"https:\/\/api.w.org\/{rel}","templated":true}]}}