{"id":4746,"date":"2023-06-20T18:41:10","date_gmt":"2023-06-20T16:41:10","guid":{"rendered":"http:\/\/nowa.sgklima.pl\/?page_id=4746"},"modified":"2023-07-27T10:08:48","modified_gmt":"2023-07-27T08:08:48","slug":"wentylacja","status":"publish","type":"page","link":"https:\/\/sgklima.pl\/cs\/wentylacja\/","title":{"rendered":"V\u011btr\u00e1n\u00ed"},"content":{"rendered":"<p><section data-bb-version=\"4.5.9\" id=\"bt_bb_section69f9f929c74e2\" class=\"bt_bb_section bt_bb_layout_boxed_1200 bt_bb_vertical_align_top bt_bb_top_spacing_50 bt_bb_bottom_spacing_50 bt_bb_animation_fade_in animate\"  data-bt-override-class=\"{&quot;bt_bb_top_spacing_&quot;:{&quot;current_class&quot;:&quot;bt_bb_top_spacing_50&quot;,&quot;def&quot;:&quot;50&quot;},&quot;bt_bb_bottom_spacing_&quot;:{&quot;current_class&quot;:&quot;bt_bb_bottom_spacing_50&quot;,&quot;def&quot;:&quot;50&quot;}}\"><div class=\"bt_bb_port\"><div class=\"bt_bb_cell\"><div class=\"bt_bb_cell_inner\"><div data-bb-version=\"4.5.9\" class=\"bt_bb_row\"  data-bt-override-class=\"{}\"><div class=\"bt_bb_row_holder\" ><div data-bb-version=\"4.5.9\"  class=\"bt_bb_column col-xxl-12 col-xl-12 col-xs-12 col-sm-12 col-md-12 col-lg-12 bt_bb_vertical_align_top bt_bb_align_left bt_bb_padding_normal\" style=\"; --column-width:12;\" data-width=\"12\" data-bt-override-class=\"{}\"><div class=\"bt_bb_column_content\"><div class=\"bt_bb_column_content_inner\"><div data-bb-version=\"4.5.9\"  class=\"bt_bb_text\" ><\/p>\n<h5 style=\"text-align: left;\">Kvalitn\u00ed vzduch je nesm\u00edrn\u011b d\u016fle\u017eit\u00fd pro na\u0161e zdrav\u00ed a pohodu. Mnoho z n\u00e1s si v\u0161ak neuv\u011bdomuje, jak z\u00e1sadn\u00ed roli hraje spr\u00e1vn\u00e9 v\u011btr\u00e1n\u00ed v na\u0161ich domech, kancel\u00e1\u0159\u00edch a dal\u0161\u00edch prostor\u00e1ch. V tomto \u010dl\u00e1nku se pod\u00edv\u00e1me na v\u00fdznam v\u011btr\u00e1n\u00ed a na p\u0159\u00ednosy, kter\u00e9 p\u0159in\u00e1\u0161\u00ed spr\u00e1vn\u011b funguj\u00edc\u00ed ventila\u010dn\u00ed syst\u00e9m.<\/h5>\n<p>\n<\/div><div data-bb-version=\"4.5.9\" class=\"bt_bb_separator bt_bb_border_style_none bt_bb_top_spacing_20 bt_bb_bottom_spacing_none\" data-bt-override-class=\"{&quot;bt_bb_top_spacing_&quot;:{&quot;current_class&quot;:&quot;bt_bb_top_spacing_20&quot;,&quot;def&quot;:&quot;20&quot;},&quot;bt_bb_bottom_spacing_&quot;:{&quot;current_class&quot;:&quot;bt_bb_bottom_spacing_none&quot;,&quot;def&quot;:&quot;none&quot;}}\"><\/div><div data-bb-version=\"4.5.9\" class=\"bt_bb_image bt_bb_shape_square bt_bb_target_self bt_bb_align_inherit bt_bb_hover_style_zoom-in bt_bb_content_display_always bt_bb_content_align_middle bt_bb_inner_padding_15\" data-bt-override-class=\"{&quot;bt_bb_align_&quot;:{&quot;current_class&quot;:&quot;bt_bb_align_inherit&quot;,&quot;def&quot;:&quot;inherit&quot;}}\"><span><img loading=\"lazy\" decoding=\"async\" width=\"2560\" height=\"1707\" src=\"https:\/\/sgklima.pl\/wp-content\/uploads\/2023\/06\/img_0609-scaled.jpg\" class=\"attachment-full size-full\" alt=\"https:\/\/sgklima.pl\/wp-content\/uploads\/2023\/06\/img_0609-scaled.jpg\" data-full_image_src=\"https:\/\/sgklima.pl\/wp-content\/uploads\/2023\/06\/img_0609-scaled.jpg\" title=\"img_0609.jpg\" srcset=\"https:\/\/sgklima.pl\/wp-content\/uploads\/2023\/06\/img_0609-scaled.jpg 2560w, https:\/\/sgklima.pl\/wp-content\/uploads\/2023\/06\/img_0609-640x427.jpg 640w, https:\/\/sgklima.pl\/wp-content\/uploads\/2023\/06\/img_0609-1280x853.jpg 1280w, https:\/\/sgklima.pl\/wp-content\/uploads\/2023\/06\/img_0609-768x512.jpg 768w, https:\/\/sgklima.pl\/wp-content\/uploads\/2023\/06\/img_0609-1536x1024.jpg 1536w, https:\/\/sgklima.pl\/wp-content\/uploads\/2023\/06\/img_0609-2048x1365.jpg 2048w, https:\/\/sgklima.pl\/wp-content\/uploads\/2023\/06\/img_0609-320x213.jpg 320w\" sizes=\"auto, (max-width: 2560px) 100vw, 2560px\" \/><\/span><\/div><\/div><\/div><\/div><\/div><\/div><\/div><!-- cell_inner --><\/div><!-- cell --><\/div><!-- port --><\/section><section data-bb-version=\"4.5.9\" id=\"bt_bb_section69f9f929d64ce\" class=\"bt_bb_section bt_bb_layout_boxed_1200 bt_bb_vertical_align_top bt_bb_top_spacing_50 bt_bb_bottom_spacing_50 bt_bb_animation_fade_in animate\" style=\";background-color:rgb(237,237,237);\" data-bt-override-class=\"{&quot;bt_bb_top_spacing_&quot;:{&quot;current_class&quot;:&quot;bt_bb_top_spacing_50&quot;,&quot;def&quot;:&quot;50&quot;},&quot;bt_bb_bottom_spacing_&quot;:{&quot;current_class&quot;:&quot;bt_bb_bottom_spacing_50&quot;,&quot;def&quot;:&quot;50&quot;}}\"><div class=\"bt_bb_port\"><div class=\"bt_bb_cell\"><div class=\"bt_bb_cell_inner\"><div class=\"bt_bb_row\"  data-bt-override-class=\"{}\"><div class=\"bt_bb_row_holder\" ><div data-bb-version=\"4.5.9\"  class=\"bt_bb_column col-xxl-12 col-xl-12 col-xs-12 col-sm-12 col-md-12 col-lg-12 bt_bb_vertical_align_top bt_bb_align_left bt_bb_padding_normal\" style=\"; --column-width:12;\" data-width=\"12\" data-bt-override-class=\"{}\"><div class=\"bt_bb_column_content\"><div class=\"bt_bb_column_content_inner\"><header data-bb-version=\"4.5.9\" class=\"bt_bb_headline bt_bb_color_scheme_3 bt_bb_dash_none bt_bb_size_inherit bt_bb_align_inherit\" style=\";font-family:&#039;Montserrat&#039;; --headline-primary-color:#155d8d; --headline-secondary-color:#252525;;color:rgb(0,0,0);border-color:rgb(0,0,0);\" data-bt-override-class=\"{&quot;bt_bb_size_&quot;:{&quot;current_class&quot;:&quot;bt_bb_size_inherit&quot;,&quot;def&quot;:&quot;inherit&quot;},&quot;bt_bb_align_&quot;:{&quot;current_class&quot;:&quot;bt_bb_align_inherit&quot;,&quot;def&quot;:&quot;inherit&quot;}}\"><h1 style=\";font-family:'Montserrat'\"><span class=\"bt_bb_headline_content\"><span >Pro\u010d je v\u011btr\u00e1n\u00ed d\u016fle\u017eit\u00e9?<\/span><\/span><\/h1><\/header><div data-bb-version=\"4.5.9\" class=\"bt_bb_separator bt_bb_border_style_none bt_bb_top_spacing_20 bt_bb_bottom_spacing_none\" data-bt-override-class=\"{&quot;bt_bb_top_spacing_&quot;:{&quot;current_class&quot;:&quot;bt_bb_top_spacing_20&quot;,&quot;def&quot;:&quot;20&quot;},&quot;bt_bb_bottom_spacing_&quot;:{&quot;current_class&quot;:&quot;bt_bb_bottom_spacing_none&quot;,&quot;def&quot;:&quot;none&quot;}}\"><\/div><\/div><\/div><\/div><\/div><\/div><div data-bb-version=\"4.5.9\" class=\"bt_bb_row bt_bb_row_push_right bt_bb_row_push_left bt_bb_row_width_boxed_1200 bt_bb_row_width_boxed\"  data-bt-override-class=\"{}\"><div class=\"bt_bb_row_holder\" ><div data-bb-version=\"4.5.9\"  class=\"bt_bb_column col-xxl-3 col-xl-3 col-xs-12 col-sm-6 col-md-6 col-lg-3 bt_bb_vertical_align_top bt_bb_align_left bt_bb_padding_normal\" style=\"; --column-width:3;\" data-width=\"3\" data-bt-override-class=\"{}\"><div class=\"bt_bb_column_content\"><div class=\"bt_bb_column_content_inner\"><div data-bb-version=\"4.5.9\"  class=\"bt_bb_text\" ><\/p>\n<h4>Zdrav\u00fd vzduch<\/h4>\n<h6>Spr\u00e1vn\u00e9 v\u011btr\u00e1n\u00ed zaji\u0161\u0165uje \u010derstv\u00fd a zdrav\u00fd vzduch v interi\u00e9ru. Odstra\u0148uje nep\u0159\u00edjemn\u00e9 pachy, vlhkost, kou\u0159, alergeny a dal\u0161\u00ed ne\u010distoty, kter\u00e9 mohou negativn\u011b ovliv\u0148ovat zdrav\u00ed a zp\u016fsobovat d\u00fdchac\u00ed pot\u00ed\u017ee.<\/h6>\n<p>\n<\/div><\/div><\/div><\/div><div data-bb-version=\"4.5.9\"  class=\"bt_bb_column col-xxl-3 col-xl-3 col-xs-12 col-sm-6 col-md-6 col-lg-3 bt_bb_vertical_align_top bt_bb_align_left bt_bb_padding_normal\" style=\"; --column-width:3;\" data-width=\"3\" data-bt-override-class=\"{}\"><div class=\"bt_bb_column_content\"><div class=\"bt_bb_column_content_inner\"><div data-bb-version=\"4.5.9\"  class=\"bt_bb_text\" ><\/p>\n<h4>Odv\u00e1d\u011bn\u00ed p\u0159ebyte\u010dn\u00e9 vlhkosti<\/h4>\n<h6>Nedostate\u010dn\u00e9 v\u011btr\u00e1n\u00ed m\u016f\u017ee v\u00e9st k nadm\u011brn\u00e9mu hromad\u011bn\u00ed vlhkosti v m\u00edstnostech. Vlhk\u00e9 prost\u0159ed\u00ed podporuje vznik pl\u00edsn\u00ed a rozto\u010d\u016f. Kvalitn\u00ed v\u011btr\u00e1n\u00ed pom\u00e1h\u00e1 udr\u017eovat spr\u00e1vnou \u00farove\u0148 vlhkosti a zabra\u0148uje kondenzaci na st\u011bn\u00e1ch a n\u00e1bytku.<\/h6>\n<p>\n<\/div><\/div><\/div><\/div><div data-bb-version=\"4.5.9\"  class=\"bt_bb_column col-xxl-3 col-xl-3 col-xs-12 col-sm-6 col-md-6 col-lg-3 bt_bb_vertical_align_top bt_bb_align_left bt_bb_padding_normal\" style=\"; --column-width:3;\" data-width=\"3\" data-bt-override-class=\"{}\"><div class=\"bt_bb_column_content\"><div class=\"bt_bb_column_content_inner\"><div data-bb-version=\"4.5.9\"  class=\"bt_bb_text\" ><\/p>\n<h4>Tepeln\u00fd komfort<\/h4>\n<h6>Dob\u0159e navr\u017een\u00fd ventila\u010dn\u00ed syst\u00e9m m\u016f\u017ee v\u00fdrazn\u011b ovlivnit tak\u00e9 tepeln\u00fd komfort v interi\u00e9ru. Spr\u00e1vn\u00e9 proud\u011bn\u00ed vzduchu a v\u00fdm\u011bna tepla umo\u017e\u0148uj\u00ed udr\u017eovat optim\u00e1ln\u00ed teplotu jak v l\u00e9t\u011b, tak v zim\u011b.<\/h6>\n<p>\n<\/div><\/div><\/div><\/div><div data-bb-version=\"4.5.9\"  class=\"bt_bb_column col-xxl-3 col-xl-3 col-xs-12 col-sm-6 col-md-6 col-lg-3 bt_bb_vertical_align_top bt_bb_align_left bt_bb_padding_normal\" style=\"; --column-width:3;\" data-width=\"3\" data-bt-override-class=\"{}\"><div class=\"bt_bb_column_content\"><div class=\"bt_bb_column_content_inner\"><div data-bb-version=\"4.5.9\"  class=\"bt_bb_text\" ><\/p>\n<h4>Energetick\u00e1 \u00fa\u010dinnost<\/h4>\n<h6>Spr\u00e1vn\u011b navr\u017een\u00fd a nainstalovan\u00fd ventila\u010dn\u00ed syst\u00e9m m\u016f\u017ee p\u0159isp\u011bt ke zv\u00fd\u0161en\u00ed energetick\u00e9 \u00fa\u010dinnosti budovy. Lep\u0161\u00ed cirkulace vzduchu a \u0159\u00edzen\u00e9 proud\u011bn\u00ed umo\u017e\u0148uj\u00ed sn\u00ed\u017eit spot\u0159ebu energie na chlazen\u00ed a vyt\u00e1p\u011bn\u00ed.<\/h6>\n<p>\n<\/div><\/div><\/div><\/div><\/div><\/div><\/div><!-- cell_inner --><\/div><!-- cell --><\/div><!-- port --><\/section><section data-bb-version=\"4.5.9\" id=\"bt_bb_section69f9f929d7436\" class=\"bt_bb_section bt_bb_layout_boxed_1200 bt_bb_vertical_align_top bt_bb_top_spacing_50 bt_bb_bottom_spacing_50 bt_bb_animation_fade_in animate\"  data-bt-override-class=\"{&quot;bt_bb_top_spacing_&quot;:{&quot;current_class&quot;:&quot;bt_bb_top_spacing_50&quot;,&quot;def&quot;:&quot;50&quot;},&quot;bt_bb_bottom_spacing_&quot;:{&quot;current_class&quot;:&quot;bt_bb_bottom_spacing_50&quot;,&quot;def&quot;:&quot;50&quot;}}\"><div class=\"bt_bb_port\"><div class=\"bt_bb_cell\"><div class=\"bt_bb_cell_inner\"><div data-bb-version=\"4.5.9\" class=\"bt_bb_row\"  data-bt-override-class=\"{}\"><div class=\"bt_bb_row_holder\" ><div data-bb-version=\"4.5.9\"  class=\"bt_bb_column col-xxl-12 col-xl-12 col-xs-12 col-sm-12 col-md-12 col-lg-12 bt_bb_vertical_align_top bt_bb_align_left bt_bb_padding_normal\" style=\"; --column-width:12;\" data-width=\"12\" data-bt-override-class=\"{}\"><div class=\"bt_bb_column_content\"><div class=\"bt_bb_column_content_inner\"><header data-bb-version=\"4.5.9\" class=\"bt_bb_headline bt_bb_dash_none bt_bb_size_inherit bt_bb_align_inherit\" style=\";font-family:&#039;Montserrat&#039;;color:rgb(0,0,0);border-color:rgb(0,0,0);\" data-bt-override-class=\"{&quot;bt_bb_size_&quot;:{&quot;current_class&quot;:&quot;bt_bb_size_inherit&quot;,&quot;def&quot;:&quot;inherit&quot;},&quot;bt_bb_align_&quot;:{&quot;current_class&quot;:&quot;bt_bb_align_inherit&quot;,&quot;def&quot;:&quot;inherit&quot;}}\"><h1 style=\";font-family:'Montserrat'\"><span class=\"bt_bb_headline_content\"><span >V\u00fdhody spr\u00e1vn\u011b funguj\u00edc\u00edho ventila\u010dn\u00edho syst\u00e9mu<\/span><\/span><\/h1><\/header><div data-bb-version=\"4.5.9\" class=\"bt_bb_separator bt_bb_border_style_none bt_bb_top_spacing_20 bt_bb_bottom_spacing_none\" data-bt-override-class=\"{&quot;bt_bb_top_spacing_&quot;:{&quot;current_class&quot;:&quot;bt_bb_top_spacing_20&quot;,&quot;def&quot;:&quot;20&quot;},&quot;bt_bb_bottom_spacing_&quot;:{&quot;current_class&quot;:&quot;bt_bb_bottom_spacing_none&quot;,&quot;def&quot;:&quot;none&quot;}}\"><\/div><\/div><\/div><\/div><\/div><\/div><div data-bb-version=\"4.5.9\" class=\"bt_bb_row\"  data-bt-override-class=\"{}\"><div class=\"bt_bb_row_holder\" ><div data-bb-version=\"4.5.9\"  class=\"bt_bb_column col-xxl-12 col-xl-12 col-xs-12 col-sm-12 col-md-12 col-lg-12 bt_bb_vertical_align_top bt_bb_align_left bt_bb_padding_normal\" style=\"; --column-width:12;\" data-width=\"12\" data-bt-override-class=\"{}\"><div class=\"bt_bb_column_content\"><div class=\"bt_bb_column_content_inner\"><div data-bb-version=\"4.5.9\" class=\"bt_bb_service bt_bb_color_scheme_4 bt_bb_style_outline bt_bb_size_large bt_bb_shape_circle bt_bb_align_inherit bt_bb_title_size_extralarge\" style=\"; --service-primary-color:#155d8d; --service-secondary-color:#ffffff;\" data-bt-override-class=\"{&quot;bt_bb_size_&quot;:{&quot;current_class&quot;:&quot;bt_bb_size_large&quot;,&quot;def&quot;:&quot;large&quot;},&quot;bt_bb_align_&quot;:{&quot;current_class&quot;:&quot;bt_bb_align_inherit&quot;,&quot;def&quot;:&quot;inherit&quot;}}\"><span  data-ico-icon7stroke=\"&#xe6c6;\" class=\"bt_bb_icon_holder\"><\/span><div class=\"bt_bb_service_content\"><div class=\"bt_bb_service_content_title\">Zdrav\u00ed a dobr\u00e1 pohoda<\/div><div class=\"bt_bb_service_content_text\">Kvalitn\u00ed v\u011btr\u00e1n\u00ed m\u00e1 pozitivn\u00ed vliv na na\u0161e zdrav\u00ed a celkovou pohodu. Zaji\u0161\u0165uje p\u0159\u00edsun \u010derstv\u00e9ho vzduchu bez ne\u010distot, podporuje lep\u0161\u00ed d\u00fdch\u00e1n\u00ed, sni\u017euje riziko alergi\u00ed a infekc\u00ed a zlep\u0161uje kvalitu sp\u00e1nku.<\/p><br \/>\n<p><\/div><\/div><\/div><div data-bb-version=\"4.5.9\" class=\"bt_bb_service bt_bb_color_scheme_4 bt_bb_style_outline bt_bb_size_large bt_bb_shape_circle bt_bb_align_inherit bt_bb_title_size_extralarge\" style=\"; --service-primary-color:#155d8d; --service-secondary-color:#ffffff;\" data-bt-override-class=\"{&quot;bt_bb_size_&quot;:{&quot;current_class&quot;:&quot;bt_bb_size_large&quot;,&quot;def&quot;:&quot;large&quot;},&quot;bt_bb_align_&quot;:{&quot;current_class&quot;:&quot;bt_bb_align_inherit&quot;,&quot;def&quot;:&quot;inherit&quot;}}\"><span  data-ico-essential=\"&#xe9c5;\" class=\"bt_bb_icon_holder\"><\/span><div class=\"bt_bb_service_content\"><div class=\"bt_bb_service_content_title\">Sn\u00ed\u017een\u00ed vlhkosti<\/div><div class=\"bt_bb_service_content_text\">Spr\u00e1vn\u011b funguj\u00edc\u00ed ventila\u010dn\u00ed syst\u00e9m odv\u00e1d\u00ed p\u0159ebyte\u010dnou vlhkost z m\u00edstnost\u00ed a chr\u00e1n\u00ed tak obytn\u00e9 prostory p\u0159ed negativn\u00edmi d\u016fsledky vlhkosti, jako jsou pl\u00edsn\u011b, houby a po\u0161kozen\u00ed stavebn\u00edch materi\u00e1l\u016f.<br \/><br \/>\n<\/div><\/div><\/div><div data-bb-version=\"4.5.9\" class=\"bt_bb_service bt_bb_color_scheme_4 bt_bb_style_outline bt_bb_size_large bt_bb_shape_circle bt_bb_align_inherit bt_bb_title_size_extralarge\" style=\"; --service-primary-color:#155d8d; --service-secondary-color:#ffffff;\" data-bt-override-class=\"{&quot;bt_bb_size_&quot;:{&quot;current_class&quot;:&quot;bt_bb_size_large&quot;,&quot;def&quot;:&quot;large&quot;},&quot;bt_bb_align_&quot;:{&quot;current_class&quot;:&quot;bt_bb_align_inherit&quot;,&quot;def&quot;:&quot;inherit&quot;}}\"><span  data-ico-icon7stroke=\"&#xe650;\" class=\"bt_bb_icon_holder\"><\/span><div class=\"bt_bb_service_content\"><div class=\"bt_bb_service_content_title\">Zv\u00fd\u0161en\u00ed energetick\u00e9 \u00fa\u010dinnosti<\/div><div class=\"bt_bb_service_content_text\">Dob\u0159e navr\u017een\u00fd ventila\u010dn\u00ed syst\u00e9m m\u016f\u017ee p\u0159isp\u011bt ke sn\u00ed\u017een\u00ed n\u00e1klad\u016f na chlazen\u00ed a vyt\u00e1p\u011bn\u00ed budovy d\u00edky \u0159\u00edzen\u00e9mu a optimalizovan\u00e9mu proud\u011bn\u00ed vzduchu.<\/p><br \/>\n<p><\/div><\/div><\/div><div data-bb-version=\"4.5.9\" class=\"bt_bb_service bt_bb_color_scheme_4 bt_bb_style_outline bt_bb_size_large bt_bb_shape_circle bt_bb_align_inherit bt_bb_title_size_extralarge\" style=\"; --service-primary-color:#155d8d; --service-secondary-color:#ffffff;\" data-bt-override-class=\"{&quot;bt_bb_size_&quot;:{&quot;current_class&quot;:&quot;bt_bb_size_large&quot;,&quot;def&quot;:&quot;large&quot;},&quot;bt_bb_align_&quot;:{&quot;current_class&quot;:&quot;bt_bb_align_inherit&quot;,&quot;def&quot;:&quot;inherit&quot;}}\"><span  data-ico-essential=\"&#xea36;\" class=\"bt_bb_icon_holder\"><\/span><div class=\"bt_bb_service_content\"><div class=\"bt_bb_service_content_title\">Ticho a akustick\u00fd komfort<\/div><div class=\"bt_bb_service_content_text\">Spr\u00e1vn\u011b navr\u017een\u00fd ventila\u010dn\u00ed syst\u00e9m m\u016f\u017ee pracovat ti\u0161e a t\u00e9m\u011b\u0159 nesly\u0161n\u011b, co\u017e p\u0159isp\u00edv\u00e1 k vytvo\u0159en\u00ed p\u0159\u00edjemn\u00e9ho a komfortn\u00edho prost\u0159ed\u00ed v interi\u00e9ru.<br \/><br \/>\n<\/div><\/div><\/div><\/div><\/div><\/div><\/div><\/div><\/div><!-- cell_inner --><\/div><!-- cell --><\/div><!-- port --><\/section><\/p>","protected":false},"excerpt":{"rendered":"","protected":false},"author":1,"featured_media":0,"parent":0,"menu_order":0,"comment_status":"closed","ping_status":"closed","template":"","meta":{"footnotes":""},"class_list":["post-4746","page","type-page","status-publish","hentry"],"_links":{"self":[{"href":"https:\/\/sgklima.pl\/cs\/wp-json\/wp\/v2\/pages\/4746","targetHints":{"allow":["GET"]}}],"collection":[{"href":"https:\/\/sgklima.pl\/cs\/wp-json\/wp\/v2\/pages"}],"about":[{"href":"https:\/\/sgklima.pl\/cs\/wp-json\/wp\/v2\/types\/page"}],"author":[{"embeddable":true,"href":"https:\/\/sgklima.pl\/cs\/wp-json\/wp\/v2\/users\/1"}],"replies":[{"embeddable":true,"href":"https:\/\/sgklima.pl\/cs\/wp-json\/wp\/v2\/comments?post=4746"}],"version-history":[{"count":35,"href":"https:\/\/sgklima.pl\/cs\/wp-json\/wp\/v2\/pages\/4746\/revisions"}],"predecessor-version":[{"id":6399,"href":"https:\/\/sgklima.pl\/cs\/wp-json\/wp\/v2\/pages\/4746\/revisions\/6399"}],"wp:attachment":[{"href":"https:\/\/sgklima.pl\/cs\/wp-json\/wp\/v2\/media?parent=4746"}],"curies":[{"name":"wp","href":"https:\/\/api.w.org\/{rel}","templated":true}]}}